{"id":28612,"date":"2019-07-07T14:44:58","date_gmt":"2019-07-07T12:44:58","guid":{"rendered":"http:\/\/localhost\/wordpress\/?page_id=28612"},"modified":"2021-02-28T14:58:11","modified_gmt":"2021-02-28T12:58:11","slug":"saannot","status":"publish","type":"page","link":"https:\/\/www.pokat.fi\/index.php\/saannot\/","title":{"rendered":"S\u00e4\u00e4nn\u00f6t"},"content":{"rendered":"<p>[et_pb_section fb_built=&#8221;1&#8243; fullwidth=&#8221;on&#8221; admin_label=&#8221;Header&#8221; _builder_version=&#8221;3.25.4&#8243; background_image=&#8221;https:\/\/www.pokat.fi\/wp-content\/uploads\/2019\/07\/action-arrangement-chalk-1374548.jpg&#8221; parallax=&#8221;on&#8221; custom_padding=&#8221;|||&#8221; animation_style=&#8221;slide&#8221; animation_direction=&#8221;top&#8221; animation_intensity_slide=&#8221;2%&#8221;][et_pb_fullwidth_header title=&#8221;Yhdistyksen s\u00e4\u00e4nn\u00f6t&#8221; background_overlay_color=&#8221;rgba(255,255,255,0.6)&#8221; content_max_width=&#8221;700px&#8221; content_max_width_tablet=&#8221;100%&#8221; content_max_width_phone=&#8221;&#8221; content_max_width_last_edited=&#8221;on|desktop&#8221; _builder_version=&#8221;3.25.4&#8243; title_font=&#8221;Roboto|300|||||||&#8221; title_font_size=&#8221;60px&#8221; title_line_height=&#8221;1.4em&#8221; content_font=&#8221;||||||||&#8221; content_font_size=&#8221;17px&#8221; content_line_height=&#8221;1.9em&#8221; subhead_font=&#8221;|600|||||||&#8221; subhead_font_size=&#8221;20px&#8221; subhead_line_height=&#8221;1.8em&#8221; background_color=&#8221;rgba(255,255,255,0.3)&#8221; background_image=&#8221;https:\/\/www.pokat.fi\/wp-content\/uploads\/2019\/07\/dots-3.png&#8221; custom_button_one=&#8221;on&#8221; button_one_text_size=&#8221;14px&#8221; button_one_text_color=&#8221;#ffffff&#8221; button_one_bg_color=&#8221;#8300e9&#8243; button_one_bg_color_gradient_start=&#8221;#d883f8&#8243; button_one_bg_color_gradient_end=&#8221;#352DBE&#8221; button_one_bg_color_gradient_direction=&#8221;90deg&#8221; button_one_border_width=&#8221;10px&#8221; button_one_border_color=&#8221;rgba(0,0,0,0)&#8221; button_one_border_radius=&#8221;100px&#8221; button_one_letter_spacing=&#8221;3px&#8221; button_one_font=&#8221;Roboto|700||on|||||&#8221; custom_button_two=&#8221;on&#8221; button_two_text_size=&#8221;14px&#8221; button_two_text_color=&#8221;#ffffff&#8221; button_two_bg_color=&#8221;#06c8ff&#8221; button_two_border_width=&#8221;10px&#8221; button_two_border_color=&#8221;rgba(0,0,0,0)&#8221; button_two_border_radius=&#8221;100px&#8221; button_two_letter_spacing=&#8221;3px&#8221; button_two_font=&#8221;Roboto|700||on|||||&#8221; background_layout=&#8221;light&#8221; custom_margin=&#8221;||||false&#8221; custom_padding=&#8221;8vw||8vw||true&#8221; custom_padding_tablet=&#8221;250px||250px||true&#8221; custom_padding_last_edited=&#8221;off|desktop&#8221; title_font_size_tablet=&#8221;40px&#8221; title_font_size_phone=&#8221;32px&#8221; title_font_size_last_edited=&#8221;on|desktop&#8221; button_one_text_color_hover=&#8221;#ffffff&#8221; button_two_text_color_hover=&#8221;#ffffff&#8221; button_one_letter_spacing_hover=&#8221;3px&#8221; button_two_letter_spacing_hover=&#8221;3px&#8221; button_one_text_size__hover_enabled=&#8221;off&#8221; button_two_text_size__hover_enabled=&#8221;off&#8221; button_one_text_color__hover_enabled=&#8221;on&#8221; button_one_text_color__hover=&#8221;#ffffff&#8221; button_two_text_color__hover_enabled=&#8221;on&#8221; button_two_text_color__hover=&#8221;#ffffff&#8221; button_one_border_width__hover_enabled=&#8221;off&#8221; button_two_border_width__hover_enabled=&#8221;off&#8221; button_one_border_color__hover_enabled=&#8221;off&#8221; button_two_border_color__hover_enabled=&#8221;off&#8221; button_one_border_radius__hover_enabled=&#8221;off&#8221; button_two_border_radius__hover_enabled=&#8221;off&#8221; button_one_letter_spacing__hover_enabled=&#8221;on&#8221; button_one_letter_spacing__hover=&#8221;3px&#8221; button_two_letter_spacing__hover_enabled=&#8221;on&#8221; button_two_letter_spacing__hover=&#8221;3px&#8221; button_one_bg_color__hover_enabled=&#8221;off&#8221; button_two_bg_color__hover_enabled=&#8221;off&#8221;][\/et_pb_fullwidth_header][\/et_pb_section][et_pb_section fb_built=&#8221;1&#8243; admin_label=&#8221;About&#8221; _builder_version=&#8221;3.22.3&#8243; custom_padding=&#8221;|||&#8221;][et_pb_row _builder_version=&#8221;3.25&#8243;][et_pb_column type=&#8221;4_4&#8243; _builder_version=&#8221;3.25&#8243; custom_padding=&#8221;|||&#8221; custom_padding__hover=&#8221;|||&#8221;][et_pb_text _builder_version=&#8221;3.27.4&#8243; text_font=&#8221;||||||||&#8221; text_font_size=&#8221;16px&#8221; text_line_height=&#8221;1.9em&#8221;]<\/p>\n<header class=\"entry-header\">\n<header class=\"entry-header\">\n<header class=\"entry-header\">\n<h1 class=\"entry-title\">Nimi ja kotipaikka<\/h1>\n<\/header>\n<div class=\"entry-content clearfix\">\n<p>1\u00a7<\/p>\n<p>Yhdistyksen nimi on TIVIA Pohjois-Karjala ry ja sen kotipaikka on Joensuun kaupunki. Yhdistyksen toiminta-alueena on Pohjois-Karjala. Yhdistys on Tieto- ja viestint\u00e4tekniikan ammattilaiset TIVIA ry alueellinen j\u00e4senyhdistys. <\/p>\n<h2>Tarkoitus ja toimintamuodot<\/h2>\n<p>2\u00a7<\/p>\n<p>Yhdistyksen tavoitteena on j\u00e4senist\u00f6n ammatillisen osaamisen ja arvostuksen kehitt\u00e4minen.<\/p>\n<p>Yhdistyksen tarkoituksena on toimia tieto- ja viestint\u00e4tekniikka-alan parissa ty\u00f6skentelevien ja alasta kiinnostuneiden henkil\u00f6iden sek\u00e4 yhteis\u00f6jen yhdyssiteen\u00e4 Pohjois-Karjalan alueella, edist\u00e4\u00e4 tieto- ja viestint\u00e4tekniikan mahdollisimman tehokasta hyv\u00e4ksik\u00e4ytt\u00f6\u00e4 sek\u00e4 edist\u00e4\u00e4 tietotekniikka-alalla toimivien ja siit\u00e4 kiinnostuneiden verkostoitumista ja ammatillista kehittymist\u00e4 osana valtakunnallisesti toimivaa TIVIA-yhteis\u00f6\u00e4.<\/p>\n<p>Tarkoituksensa toteuttamiseksi yhdistys j\u00e4rjest\u00e4\u00e4 tapahtumia, kerhotoimintaa, koulutusta, kokouksia, juhlia, esitelm\u00e4- ja luentotilaisuuksia sek\u00e4 j\u00e4senilleen opintomatkoja kotimaassa ja ulkomaille, pit\u00e4\u00e4 yll\u00e4 yhteyksi\u00e4 julkisyhteis\u00f6ihin taloudellisen tuen saamiseksi toimintansa edist\u00e4miseksi sek\u00e4 jakaa apurahoja. Yhdistyksen tarkoituksena ei ole voiton tai muun taloudellisen ansion hankkiminen siihen osallisille eik\u00e4 my\u00f6sk\u00e4\u00e4n toimia j\u00e4sentens\u00e4 etuja ajavana ty\u00f6markkinaj\u00e4rjest\u00f6n\u00e4.<\/p>\n<p>Toimintansa tukemiseksi yhdistys:<br \/>\u2212 voi harjoittaa ICT-tukitoimintaa<br \/>\u2212 voi omistaa ja hallita kiinte\u00e4\u00e4 ja irtainta omaisuutta<br \/>\u2212 voi j\u00e4rjest\u00e4\u00e4 tilaisuuksia, arpajaisia ja rahanker\u00e4yksi\u00e4 sek\u00e4 harjoittaa sellaista liiketoimintaa, joka v\u00e4litt\u00f6m\u00e4sti liittyy yhdistyksen tarkoituksen toteuttamiseen tai jota on pidett\u00e4v\u00e4 taloudellisesti v\u00e4h\u00e4arvoisena.<br \/>\u2212 voi ottaa vastaan lahjoituksia ja testamentteja<br \/>\u2212 voi harjoittaa alaansa liittyv\u00e4\u00e4 julkaisutoimintaa<\/p>\n<h2>J\u00e4senyytt\u00e4 koskevat m\u00e4\u00e4r\u00e4ykset<\/h2>\n<p>3\u00a7<\/p>\n<p>Yhdistyksen paikallisj\u00e4seneksi voi liitty\u00e4 yksityinen henkil\u00f6 tai yhdistyksen p\u00e4\u00e4m\u00e4\u00e4ri\u00e4 tukeva oikeuskelpoinen yhteis\u00f6. Yhdistyksen hallitus hyv\u00e4ksyy uudet j\u00e4senet. <span style=\"text-decoration: line-through;\"><\/span><\/p>\n<p>Yhdistyksen kannatusj\u00e4seneksi voi liitty\u00e4 yksityinen henkil\u00f6 tai yhdistyksen p\u00e4\u00e4m\u00e4\u00e4ri\u00e4 tukeva oikeuskelpoinen yhteis\u00f6. Yhdistyksen hallitus hyv\u00e4ksyy uudet kannatusj\u00e4senet. Kannatusj\u00e4senyyden tarkoituksena on tukea yhdistyksen taloutta ja paikallista toimintaa. Kannatusj\u00e4sen ei ole yhdistyksen varsinainen j\u00e4sen.<\/p>\n<p>J\u00e4sen voi erota yhdistyksen j\u00e4senyydest\u00e4 ilmoittamalla erostaan kirjallisesti hallitukselle tai sen puheenjohtajalle. J\u00e4sen voi my\u00f6s erota ilmoittamalla siit\u00e4 yhdistyksen kokouksessa p\u00f6yt\u00e4kirjaan merkitt\u00e4v\u00e4ksi. Yhdistyksen hallitus voi katsoa j\u00e4senen eronneeksi yhdistyksest\u00e4, jos j\u00e4sen ei ole maksanut j\u00e4senmaksuaan kuluvan vuoden huhtikuun ensimm\u00e4iseen p\u00e4iv\u00e4\u00e4n menness\u00e4.<\/p>\n<p>Yhdistyksen hallitus yll\u00e4pit\u00e4\u00e4 listaa vuoden aikana j\u00e4seniksi liittyneist\u00e4 ja eronneista. Yhdistyksen j\u00e4senten j\u00e4senmaksujen ja kannatusj\u00e4senmaksujen suuruudesta p\u00e4\u00e4tt\u00e4\u00e4 vuosittain yhdistyksen syyskokous.<\/p>\n<h2>Yhdistyksen s\u00e4\u00e4nt\u00f6m\u00e4\u00e4r\u00e4iset kokoukset<\/h2>\n<p>4\u00a7<\/p>\n<p>Yhdistyksen s\u00e4\u00e4nt\u00f6m\u00e4\u00e4r\u00e4isi\u00e4 kokouksia ovat kev\u00e4tkokous ja syyskokous. S\u00e4\u00e4nt\u00f6m\u00e4\u00e4r\u00e4inen kokous kutsutaan koolle hallituksen toimesta v\u00e4hint\u00e4\u00e4n 14 p\u00e4iv\u00e4\u00e4 ennen kokousta kirjeitse tai s\u00e4hk\u00f6postitse l\u00e4hetetyill\u00e4 kutsuilla yhdistyksen j\u00e4senille. Kokous on p\u00e4\u00e4t\u00f6svaltainen, jos se on s\u00e4\u00e4nt\u00f6jen mukaan koolle kutsuttu.<\/p>\n<p>5\u00a7<br \/>Yhdistyksen s\u00e4\u00e4nt\u00f6m\u00e4\u00e4r\u00e4inen kev\u00e4tkokous pidet\u00e4\u00e4n viimeist\u00e4\u00e4n 15. p\u00e4iv\u00e4 maaliskuuta ja siin\u00e4 k\u00e4sitell\u00e4\u00e4n seuraavat asiat:<br \/>\u2212 Valitaan kokouksen puheenjohtaja, sihteeri, kaksi p\u00f6yt\u00e4kirjantarkastajaa ja tarvittaessa kaksi \u00e4\u00e4ntenlaskijaa<br \/>\u2212 Todetaan kokouksen laillisuus ja p\u00e4\u00e4t\u00f6svaltaisuus<br \/>\u2212 Hyv\u00e4ksyt\u00e4\u00e4n kokouksen ty\u00f6j\u00e4rjestys<br \/>\u2212 Esitet\u00e4\u00e4n hallituksen tilinp\u00e4\u00e4t\u00f6s ja toiminnantarkastajien lausunto<br \/>\u2212 P\u00e4\u00e4tet\u00e4\u00e4n tilinp\u00e4\u00e4t\u00f6ksen vahvistamisesta<br \/>\u2212 P\u00e4\u00e4tet\u00e4\u00e4n vastuuvapauden my\u00f6nt\u00e4misest\u00e4 hallitukselle tai muista toimenpiteist\u00e4, joihin hallinto ja tilit antavat aihetta<br \/>\u2212 K\u00e4sitell\u00e4\u00e4n muut asiat, jotka on kaksi viikkoa ennen saatettu kokouksen k\u00e4sitelt\u00e4viksi.<\/p>\n<p>6\u00a7<br \/>Yhdistyksen s\u00e4\u00e4nt\u00f6m\u00e4\u00e4r\u00e4inen syyskokous on pidett\u00e4v\u00e4 viimeist\u00e4\u00e4n 15. p\u00e4iv\u00e4 joulukuuta ja siin\u00e4 k\u00e4sitell\u00e4\u00e4n seuraavat asiat:<br \/>\u2212 Valitaan kokouksen puheenjohtaja, sihteeri, kaksi p\u00f6yt\u00e4kirjantarkastajaa ja tarvittaessa kaksi \u00e4\u00e4ntenlaskijaa<br \/>\u2212 Todetaan kokouksen laillisuus ja p\u00e4\u00e4t\u00f6svaltaisuus<br \/>\u2212 Hyv\u00e4ksyt\u00e4\u00e4n kokouksen ty\u00f6j\u00e4rjestys<br \/>\u2212 Vahvistetaan toimintasuunnitelma ja talousarvio seuraavalle kalenterivuodelle<br \/>\u2212 Vahvistetaan j\u00e4sen- ja kannatusmaksujen suuruus.<br \/>\u2212 Valitaan hallitus seuraavalle tilikaudelle. Hallitukselle valitaan puheenjohtaja ja v\u00e4hint\u00e4\u00e4n nelj\u00e4 ja enint\u00e4\u00e4n seitsem\u00e4n muuta j\u00e4sent\u00e4 <br \/>\u2212 P\u00e4\u00e4tet\u00e4\u00e4n hallituksen ja toiminnantarkastajien palkkioiden suuruus<br \/>\u2212 Valitaan toiminnantarkastaja sek\u00e4 varatoiminnantarkastaja seuraavalle tilikaudelle<br \/>\u2212 Valitaan yhdistyksen edustajat ja ehdokkaat niiden yhteis\u00f6jen hallintoelimiin, joissa yhdistys on j\u00e4senen\u00e4<br \/>\u2212 K\u00e4sitell\u00e4\u00e4n muut asiat, jotka on kaksi viikkoa ennen saatettu kokouksen k\u00e4sitelt\u00e4viksi.<\/p>\n<p>7\u00a7<\/p>\n<p>Yhdistyksen kokouksissa on jokaisella j\u00e4senell\u00e4 yksi \u00e4\u00e4ni. P\u00e4\u00e4t\u00f6kset tehd\u00e4\u00e4n yksinkertaisella \u00e4\u00e4nten enemmist\u00f6ll\u00e4. \u00c4\u00e4nten menness\u00e4 tasan puheenjohtajan \u00e4\u00e4ni ratkaisee, vaaleissa ratkaisee arpa. J\u00e4sen voi osallistua yhdistyksen kokoukseen my\u00f6s tietoliikenneyhteyden tai muun teknisen apuv\u00e4lineen avulla, mik\u00e4li t\u00e4m\u00e4 on kokouskutsun yhteydess\u00e4 mainittu.<\/p>\n<h2>Hallitus<\/h2>\n<p>8\u00a7<\/p>\n<p>Yhdistyksen asioita hoitaa syyskokouksessa valittu hallitus. Hallituksen toimikausi on yksi kalenterivuosi. Hallituksen j\u00e4senen\u00e4 kolme per\u00e4kk\u00e4ist\u00e4 toimikautta toiminut voidaan valita uudelleen hallituksen j\u00e4seneksi vain, jos h\u00e4nen valintansa on yksimielinen.<\/p>\n<p>Jos hallituksen j\u00e4sen eroaa ennen toimikautensa p\u00e4\u00e4ttymist\u00e4, h\u00e4nen tilalleen valitaan yhdistyksen seuraavassa kokouksessa uusi j\u00e4sen siksi ajaksi, jonka eronnut olisi ollut viel\u00e4 hallituksen j\u00e4senen\u00e4.<\/p>\n<p>Hallitus valitsee keskuudestaan varapuheenjohtajan. Hallitus on p\u00e4\u00e4t\u00f6svaltainen, jos hallituksen puheenjohtaja tai h\u00e4nen estyneen\u00e4 ollessaan varapuheenjohtaja ja v\u00e4hint\u00e4\u00e4n puolet hallituksen muista j\u00e4senist\u00e4 osallistuu asian k\u00e4sittelemiseen. \u00c4\u00e4nten menness\u00e4 tasan ratkaisee puheenjohtajan \u00e4\u00e4ni.<\/p>\n<p>9\u00a7<br \/>Hallituksen teht\u00e4v\u00e4n\u00e4 on toimia yhdistyksen tarkoitusperien ja p\u00e4\u00e4m\u00e4\u00e4rien toteuttamiseksi. T\u00e4ss\u00e4 tarkoituksessa hallitus<br \/>\u2212 Edustaa yhdistyst\u00e4 ja tekee yhdistyksen puolesta sitoumuksia<br \/>\u2212 Kutsuu koolle yhdistyksen kokoukset ja valmistelee niiss\u00e4 esitelt\u00e4v\u00e4t asiat<br \/>\u2212 Valvoo yhdistyksen kokouksissa tehtyjen p\u00e4\u00e4t\u00f6sten noudattamista<br \/>\u2212 Hoitaa talouden ja j\u00e4senrekisterin<br \/>\u2212 On oikeutettu palkkaamaan yhdistykselle sihteerin ja muita toimihenkil\u00f6it\u00e4<br \/>\u2212 Laatii yhdistyksen vuosikertomukset ja tilinp\u00e4\u00e4t\u00f6ksen<br \/>\u2212 Laatii esitykset yhdistyksen toimintasuunnitelmaksi ja talousarvioksi<br \/>\u2212 Toteuttaa muut yhdistyksen asioiden hoitamiseksi tarpeelliset teht\u00e4v\u00e4t<\/p>\n<h2>Yhdistyksen nimenkirjoitus<\/h2>\n<p>10\u00a7<\/p>\n<p>Yhdistyksen nimen kirjoittaa hallituksen puheenjohtaja yksin ja lis\u00e4ksi hallituksen m\u00e4\u00e4r\u00e4\u00e4m\u00e4t hallituksen j\u00e4senet kaksi yhdess\u00e4 tai jokin heist\u00e4 hallituksen siihen m\u00e4\u00e4r\u00e4\u00e4m\u00e4n toimihenkil\u00f6n kanssa.<\/p>\n<h2>Tilien hoito<\/h2>\n<p>11 \u00a7<br \/>Yhdistyksen tilit p\u00e4\u00e4tet\u00e4\u00e4n kalenterivuosittain. Tilit sek\u00e4 hallituksen laatima<br \/>toimintakertomus sek\u00e4 muut tarpeelliset tili\u00e4 ja hallintoa koskevat asiakirjat on tammikuun kuluessa annettava yhdistyksen toiminnantarkastajalle hallinnon ja tilien tarkastamista varten.<\/p>\n<p>12\u00a7<br \/>Toiminnantarkastajan tulee helmikuun 15. p\u00e4iv\u00e4\u00e4n menness\u00e4 antaa hallitukselle yhdistyksen vuosikokoukselle osoitettu kertomus toimittamastaan yhdistyksen hallinnon ja tilien tarkastuksesta.<\/p>\n<h2>S\u00e4\u00e4nt\u00f6jen muuttaminen ja yhdistyksen purkaminen<\/h2>\n<p>13\u00a7<\/p>\n<p>Jos p\u00e4\u00e4t\u00f6s koskee yhdistyksen s\u00e4\u00e4nt\u00f6jen muuttamista, vaaditaan p\u00e4\u00e4t\u00f6ksen hyv\u00e4ksymiseksi v\u00e4hint\u00e4\u00e4n 3\/4 kaikista yhdistyksen kokouksessa annetuista \u00e4\u00e4nist\u00e4. S\u00e4\u00e4nt\u00f6jen muutos on alistettava Tieto- ja viestint\u00e4tekniikan ammattilaiset TIVIA ry:n hallituksen hyv\u00e4ksytt\u00e4v\u00e4ksi.<\/p>\n<p>P\u00e4\u00e4t\u00f6ksiin, jotka tarkoittavat yhdistyksen purkamista, vaaditaan 5\/6 \u00e4\u00e4nestyksess\u00e4 annetuista \u00e4\u00e4nist\u00e4 sek\u00e4 p\u00e4\u00e4t\u00f6ksen vahvistaminen v\u00e4hint\u00e4\u00e4n kuukauden kuluttua pidett\u00e4v\u00e4ss\u00e4 yhdistyksen kokouksessa samanlaisella \u00e4\u00e4nten enemmist\u00f6ll\u00e4.<\/p>\n<p>14\u00a7<br \/>Yhdistys voi erota Tieto- ja viestint\u00e4tekniikan ammattilaiset TIVIA ry:n tai jonkin muun yhteis\u00f6n j\u00e4senyydest\u00e4, jos 3\/4 yhdistyksen kokouksen osanottajista kandessa per\u00e4kk\u00e4isess\u00e4 v\u00e4hint\u00e4\u00e4n kuukauden v\u00e4liajalla pidett\u00e4v\u00e4ss\u00e4 yhdistyksen kokouksessa t\u00e4t\u00e4 kannattaa.<\/p>\n<p>15\u00a7<\/p>\n<p>Jos yhdistys purkautuu, luovutetaan sen varat tietotekniikkaa edist\u00e4v\u00e4lle Pohjois-Karjalassa toimivalle yhteis\u00f6lle tai Tieto- ja viestint\u00e4tekniikan ammattilaiset TIVIA ry:lle.<\/p>\n<h2>Muut m\u00e4\u00e4r\u00e4ykset<\/h2>\n<p>16\u00a7<br \/>Muissa kohdin noudatetaan voimassa olevan yhdistyslain m\u00e4\u00e4r\u00e4yksi\u00e4.<\/p>\n<\/div>\n<\/header>\n<div class=\"entry-content clearfix\">\n<div class=\"page\" title=\"Page 2\">\n<div class=\"layoutArea\">\n<div class=\"column\"><\/div>\n<\/div>\n<\/div>\n<\/div>\n<\/header>\n<p>[\/et_pb_text][\/et_pb_column][\/et_pb_row][\/et_pb_section]<\/p>\n","protected":false},"excerpt":{"rendered":"<p>Nimi ja kotipaikka 1\u00a7 Yhdistyksen nimi on TIVIA Pohjois-Karjala ry ja sen kotipaikka on Joensuun kaupunki. Yhdistyksen toiminta-alueena on Pohjois-Karjala. Yhdistys on Tieto- ja viestint\u00e4tekniikan ammattilaiset TIVIA ry alueellinen j\u00e4senyhdistys. Tarkoitus ja toimintamuodot 2\u00a7 Yhdistyksen tavoitteena on j\u00e4senist\u00f6n ammatillisen osaamisen ja arvostuksen kehitt\u00e4minen. Yhdistyksen tarkoituksena on toimia tieto- ja viestint\u00e4tekniikka-alan parissa ty\u00f6skentelevien ja alasta kiinnostuneiden [&hellip;]<\/p>\n","protected":false},"author":7,"featured_media":0,"parent":0,"menu_order":0,"comment_status":"closed","ping_status":"closed","template":"","meta":{"_et_pb_use_builder":"on","_et_pb_old_content":"","_et_gb_content_width":"","_monsterinsights_skip_tracking":false,"_monsterinsights_sitenote_active":false,"_monsterinsights_sitenote_note":"","_monsterinsights_sitenote_category":0,"footnotes":""},"class_list":["post-28612","page","type-page","status-publish","hentry"],"yoast_head":"<!-- This site is optimized with the Yoast SEO plugin v24.7 - https:\/\/yoast.com\/wordpress\/plugins\/seo\/ -->\n<title>S\u00e4\u00e4nn\u00f6t - Pokat<\/title>\n<meta name=\"robots\" content=\"index, follow, max-snippet:-1, max-image-preview:large, max-video-preview:-1\" \/>\n<link rel=\"canonical\" href=\"https:\/\/www.pokat.fi\/index.php\/saannot\/\" \/>\n<meta property=\"og:locale\" content=\"fi_FI\" \/>\n<meta property=\"og:type\" content=\"article\" \/>\n<meta property=\"og:title\" content=\"S\u00e4\u00e4nn\u00f6t - Pokat\" \/>\n<meta property=\"og:description\" content=\"Nimi ja kotipaikka 1\u00a7 Yhdistyksen nimi on TIVIA Pohjois-Karjala ry ja sen kotipaikka on Joensuun kaupunki. Yhdistyksen toiminta-alueena on Pohjois-Karjala. Yhdistys on Tieto- ja viestint\u00e4tekniikan ammattilaiset TIVIA ry alueellinen j\u00e4senyhdistys. Tarkoitus ja toimintamuodot 2\u00a7 Yhdistyksen tavoitteena on j\u00e4senist\u00f6n ammatillisen osaamisen ja arvostuksen kehitt\u00e4minen. Yhdistyksen tarkoituksena on toimia tieto- ja viestint\u00e4tekniikka-alan parissa ty\u00f6skentelevien ja alasta kiinnostuneiden [&hellip;]\" \/>\n<meta property=\"og:url\" content=\"https:\/\/www.pokat.fi\/index.php\/saannot\/\" \/>\n<meta property=\"og:site_name\" content=\"Pokat\" \/>\n<meta property=\"article:modified_time\" content=\"2021-02-28T12:58:11+00:00\" \/>\n<meta name=\"twitter:card\" content=\"summary_large_image\" \/>\n<meta name=\"twitter:label1\" content=\"Arvioitu lukuaika\" \/>\n\t<meta name=\"twitter:data1\" content=\"8 minuuttia\" \/>\n<script type=\"application\/ld+json\" class=\"yoast-schema-graph\">{\"@context\":\"https:\/\/schema.org\",\"@graph\":[{\"@type\":\"WebPage\",\"@id\":\"https:\/\/www.pokat.fi\/index.php\/saannot\/\",\"url\":\"https:\/\/www.pokat.fi\/index.php\/saannot\/\",\"name\":\"S\u00e4\u00e4nn\u00f6t - Pokat\",\"isPartOf\":{\"@id\":\"https:\/\/www.pokat.fi\/#website\"},\"datePublished\":\"2019-07-07T12:44:58+00:00\",\"dateModified\":\"2021-02-28T12:58:11+00:00\",\"breadcrumb\":{\"@id\":\"https:\/\/www.pokat.fi\/index.php\/saannot\/#breadcrumb\"},\"inLanguage\":\"fi\",\"potentialAction\":[{\"@type\":\"ReadAction\",\"target\":[\"https:\/\/www.pokat.fi\/index.php\/saannot\/\"]}]},{\"@type\":\"BreadcrumbList\",\"@id\":\"https:\/\/www.pokat.fi\/index.php\/saannot\/#breadcrumb\",\"itemListElement\":[{\"@type\":\"ListItem\",\"position\":1,\"name\":\"Home\",\"item\":\"https:\/\/www.pokat.fi\/\"},{\"@type\":\"ListItem\",\"position\":2,\"name\":\"S\u00e4\u00e4nn\u00f6t\"}]},{\"@type\":\"WebSite\",\"@id\":\"https:\/\/www.pokat.fi\/#website\",\"url\":\"https:\/\/www.pokat.fi\/\",\"name\":\"Pokat\",\"description\":\"TIVIA Pohjois-Karjala\",\"publisher\":{\"@id\":\"https:\/\/www.pokat.fi\/#organization\"},\"potentialAction\":[{\"@type\":\"SearchAction\",\"target\":{\"@type\":\"EntryPoint\",\"urlTemplate\":\"https:\/\/www.pokat.fi\/?s={search_term_string}\"},\"query-input\":{\"@type\":\"PropertyValueSpecification\",\"valueRequired\":true,\"valueName\":\"search_term_string\"}}],\"inLanguage\":\"fi\"},{\"@type\":\"Organization\",\"@id\":\"https:\/\/www.pokat.fi\/#organization\",\"name\":\"Pokat\",\"url\":\"https:\/\/www.pokat.fi\/\",\"logo\":{\"@type\":\"ImageObject\",\"inLanguage\":\"fi\",\"@id\":\"https:\/\/www.pokat.fi\/#\/schema\/logo\/image\/\",\"url\":\"https:\/\/www.pokat.fi\/wp-content\/uploads\/2019\/07\/cropped-pokat-uusinimi-1.jpg\",\"contentUrl\":\"https:\/\/www.pokat.fi\/wp-content\/uploads\/2019\/07\/cropped-pokat-uusinimi-1.jpg\",\"width\":460,\"height\":172,\"caption\":\"Pokat\"},\"image\":{\"@id\":\"https:\/\/www.pokat.fi\/#\/schema\/logo\/image\/\"}}]}<\/script>\n<!-- \/ Yoast SEO plugin. -->","yoast_head_json":{"title":"S\u00e4\u00e4nn\u00f6t - Pokat","robots":{"index":"index","follow":"follow","max-snippet":"max-snippet:-1","max-image-preview":"max-image-preview:large","max-video-preview":"max-video-preview:-1"},"canonical":"https:\/\/www.pokat.fi\/index.php\/saannot\/","og_locale":"fi_FI","og_type":"article","og_title":"S\u00e4\u00e4nn\u00f6t - Pokat","og_description":"Nimi ja kotipaikka 1\u00a7 Yhdistyksen nimi on TIVIA Pohjois-Karjala ry ja sen kotipaikka on Joensuun kaupunki. Yhdistyksen toiminta-alueena on Pohjois-Karjala. Yhdistys on Tieto- ja viestint\u00e4tekniikan ammattilaiset TIVIA ry alueellinen j\u00e4senyhdistys. Tarkoitus ja toimintamuodot 2\u00a7 Yhdistyksen tavoitteena on j\u00e4senist\u00f6n ammatillisen osaamisen ja arvostuksen kehitt\u00e4minen. Yhdistyksen tarkoituksena on toimia tieto- ja viestint\u00e4tekniikka-alan parissa ty\u00f6skentelevien ja alasta kiinnostuneiden [&hellip;]","og_url":"https:\/\/www.pokat.fi\/index.php\/saannot\/","og_site_name":"Pokat","article_modified_time":"2021-02-28T12:58:11+00:00","twitter_card":"summary_large_image","twitter_misc":{"Arvioitu lukuaika":"8 minuuttia"},"schema":{"@context":"https:\/\/schema.org","@graph":[{"@type":"WebPage","@id":"https:\/\/www.pokat.fi\/index.php\/saannot\/","url":"https:\/\/www.pokat.fi\/index.php\/saannot\/","name":"S\u00e4\u00e4nn\u00f6t - Pokat","isPartOf":{"@id":"https:\/\/www.pokat.fi\/#website"},"datePublished":"2019-07-07T12:44:58+00:00","dateModified":"2021-02-28T12:58:11+00:00","breadcrumb":{"@id":"https:\/\/www.pokat.fi\/index.php\/saannot\/#breadcrumb"},"inLanguage":"fi","potentialAction":[{"@type":"ReadAction","target":["https:\/\/www.pokat.fi\/index.php\/saannot\/"]}]},{"@type":"BreadcrumbList","@id":"https:\/\/www.pokat.fi\/index.php\/saannot\/#breadcrumb","itemListElement":[{"@type":"ListItem","position":1,"name":"Home","item":"https:\/\/www.pokat.fi\/"},{"@type":"ListItem","position":2,"name":"S\u00e4\u00e4nn\u00f6t"}]},{"@type":"WebSite","@id":"https:\/\/www.pokat.fi\/#website","url":"https:\/\/www.pokat.fi\/","name":"Pokat","description":"TIVIA Pohjois-Karjala","publisher":{"@id":"https:\/\/www.pokat.fi\/#organization"},"potentialAction":[{"@type":"SearchAction","target":{"@type":"EntryPoint","urlTemplate":"https:\/\/www.pokat.fi\/?s={search_term_string}"},"query-input":{"@type":"PropertyValueSpecification","valueRequired":true,"valueName":"search_term_string"}}],"inLanguage":"fi"},{"@type":"Organization","@id":"https:\/\/www.pokat.fi\/#organization","name":"Pokat","url":"https:\/\/www.pokat.fi\/","logo":{"@type":"ImageObject","inLanguage":"fi","@id":"https:\/\/www.pokat.fi\/#\/schema\/logo\/image\/","url":"https:\/\/www.pokat.fi\/wp-content\/uploads\/2019\/07\/cropped-pokat-uusinimi-1.jpg","contentUrl":"https:\/\/www.pokat.fi\/wp-content\/uploads\/2019\/07\/cropped-pokat-uusinimi-1.jpg","width":460,"height":172,"caption":"Pokat"},"image":{"@id":"https:\/\/www.pokat.fi\/#\/schema\/logo\/image\/"}}]}},"_links":{"self":[{"href":"https:\/\/www.pokat.fi\/index.php\/wp-json\/wp\/v2\/pages\/28612","targetHints":{"allow":["GET"]}}],"collection":[{"href":"https:\/\/www.pokat.fi\/index.php\/wp-json\/wp\/v2\/pages"}],"about":[{"href":"https:\/\/www.pokat.fi\/index.php\/wp-json\/wp\/v2\/types\/page"}],"author":[{"embeddable":true,"href":"https:\/\/www.pokat.fi\/index.php\/wp-json\/wp\/v2\/users\/7"}],"replies":[{"embeddable":true,"href":"https:\/\/www.pokat.fi\/index.php\/wp-json\/wp\/v2\/comments?post=28612"}],"version-history":[{"count":8,"href":"https:\/\/www.pokat.fi\/index.php\/wp-json\/wp\/v2\/pages\/28612\/revisions"}],"predecessor-version":[{"id":29763,"href":"https:\/\/www.pokat.fi\/index.php\/wp-json\/wp\/v2\/pages\/28612\/revisions\/29763"}],"wp:attachment":[{"href":"https:\/\/www.pokat.fi\/index.php\/wp-json\/wp\/v2\/media?parent=28612"}],"curies":[{"name":"wp","href":"https:\/\/api.w.org\/{rel}","templated":true}]}}