{"id":28500,"date":"2020-07-07T11:56:26","date_gmt":"2020-07-07T09:56:26","guid":{"rendered":"http:\/\/localhost\/wordpress\/?page_id=28500"},"modified":"2026-02-26T19:52:49","modified_gmt":"2026-02-26T17:52:49","slug":"toimintakertomus-2025","status":"publish","type":"page","link":"https:\/\/www.pokat.fi\/index.php\/toimintakertomus-2025\/","title":{"rendered":"Toimintakertomus 2025"},"content":{"rendered":"<p>[et_pb_section fb_built=&#8221;1&#8243; fullwidth=&#8221;on&#8221; admin_label=&#8221;Header&#8221; _builder_version=&#8221;4.16&#8243; background_image=&#8221;https:\/\/www.pokat.fi\/wp-content\/uploads\/2019\/07\/close-up-college-cover-1764956.jpg&#8221; parallax=&#8221;on&#8221; custom_padding=&#8221;|||&#8221; animation_style=&#8221;slide&#8221; animation_direction=&#8221;top&#8221; animation_intensity_slide=&#8221;2%&#8221; global_colors_info=&#8221;{}&#8221;][et_pb_fullwidth_header title=&#8221;Toimintakertomus 2025&#8243; background_overlay_color=&#8221;rgba(255,255,255,0.6)&#8221; content_max_width=&#8221;700px&#8221; content_max_width_tablet=&#8221;100%&#8221; content_max_width_phone=&#8221;&#8221; content_max_width_last_edited=&#8221;on|desktop&#8221; _builder_version=&#8221;4.16&#8243; title_font=&#8221;Roboto|300|||||||&#8221; title_font_size=&#8221;60px&#8221; title_line_height=&#8221;1.4em&#8221; content_font=&#8221;||||||||&#8221; content_font_size=&#8221;17px&#8221; content_line_height=&#8221;1.9em&#8221; subhead_font=&#8221;|600|||||||&#8221; subhead_font_size=&#8221;20px&#8221; subhead_line_height=&#8221;1.8em&#8221; background_color=&#8221;rgba(255,255,255,0.3)&#8221; background_image=&#8221;https:\/\/www.pokat.fi\/wp-content\/uploads\/2019\/07\/dots-3.png&#8221; custom_button_one=&#8221;on&#8221; button_one_text_size=&#8221;14px&#8221; button_one_text_color=&#8221;#ffffff&#8221; button_one_bg_color=&#8221;#8300e9&#8243; button_one_bg_color_gradient_direction=&#8221;90deg&#8221; button_one_bg_color_gradient_stops=&#8221;#d883f8 0%|#352DBE 100%&#8221; button_one_bg_color_gradient_start=&#8221;#d883f8&#8243; button_one_bg_color_gradient_end=&#8221;#352DBE&#8221; button_one_border_width=&#8221;10px&#8221; button_one_border_color=&#8221;rgba(0,0,0,0)&#8221; button_one_border_radius=&#8221;100px&#8221; button_one_letter_spacing=&#8221;3px&#8221; button_one_font=&#8221;Roboto|700||on|||||&#8221; custom_button_two=&#8221;on&#8221; button_two_text_size=&#8221;14px&#8221; button_two_text_color=&#8221;#ffffff&#8221; button_two_bg_color=&#8221;#06c8ff&#8221; button_two_border_width=&#8221;10px&#8221; button_two_border_color=&#8221;rgba(0,0,0,0)&#8221; button_two_border_radius=&#8221;100px&#8221; button_two_letter_spacing=&#8221;3px&#8221; button_two_font=&#8221;Roboto|700||on|||||&#8221; background_layout=&#8221;light&#8221; custom_margin=&#8221;||||false&#8221; custom_padding=&#8221;8vw||8vw||true&#8221; custom_padding_tablet=&#8221;250px||250px||true&#8221; custom_padding_last_edited=&#8221;off|desktop&#8221; title_font_size_tablet=&#8221;40px&#8221; title_font_size_phone=&#8221;32px&#8221; title_font_size_last_edited=&#8221;on|desktop&#8221; button_one_text_color_hover=&#8221;#ffffff&#8221; button_two_text_color_hover=&#8221;#ffffff&#8221; button_one_letter_spacing_hover=&#8221;3px&#8221; button_two_letter_spacing_hover=&#8221;3px&#8221; global_colors_info=&#8221;{}&#8221; button_one_text_size__hover_enabled=&#8221;off&#8221; button_two_text_size__hover_enabled=&#8221;off&#8221; button_one_text_color__hover_enabled=&#8221;on&#8221; button_one_text_color__hover=&#8221;#ffffff&#8221; button_two_text_color__hover_enabled=&#8221;on&#8221; button_two_text_color__hover=&#8221;#ffffff&#8221; button_one_border_width__hover_enabled=&#8221;off&#8221; button_two_border_width__hover_enabled=&#8221;off&#8221; button_one_border_color__hover_enabled=&#8221;off&#8221; button_two_border_color__hover_enabled=&#8221;off&#8221; button_one_border_radius__hover_enabled=&#8221;off&#8221; button_two_border_radius__hover_enabled=&#8221;off&#8221; button_one_letter_spacing__hover_enabled=&#8221;on&#8221; button_one_letter_spacing__hover=&#8221;3px&#8221; button_two_letter_spacing__hover_enabled=&#8221;on&#8221; button_two_letter_spacing__hover=&#8221;3px&#8221; button_one_bg_color__hover_enabled=&#8221;off&#8221; button_two_bg_color__hover_enabled=&#8221;off&#8221;][\/et_pb_fullwidth_header][\/et_pb_section][et_pb_section fb_built=&#8221;1&#8243; admin_label=&#8221;About&#8221; _builder_version=&#8221;4.16&#8243; custom_padding=&#8221;|||&#8221; global_colors_info=&#8221;{}&#8221;][et_pb_row _builder_version=&#8221;4.16&#8243; global_colors_info=&#8221;{}&#8221;][et_pb_column type=&#8221;4_4&#8243; _builder_version=&#8221;4.16&#8243; custom_padding=&#8221;|||&#8221; global_colors_info=&#8221;{}&#8221; custom_padding__hover=&#8221;|||&#8221;][et_pb_text _builder_version=&#8221;4.16&#8243; text_font=&#8221;||||||||&#8221; text_font_size=&#8221;16px&#8221; text_line_height=&#8221;1.9em&#8221; global_colors_info=&#8221;{}&#8221;]<\/p>\n<p><strong>YLEIST\u00c4 <\/strong><\/p>\n<p>Yhdistys on toiminut vuodesta 1981 alkaen. J\u00e4senm\u00e4\u00e4r\u00e4 pysyi l\u00e4hes samana kuin edellisen\u00e4 vuotena (lukum\u00e4\u00e4r\u00e4 sulkeissa), henkil\u00f6j\u00e4senist\u00e4 muutamia on muuttunut seniorij\u00e4seniksi. J\u00e4senten keski-ik\u00e4 on n. 60 v. Yhdistyksen j\u00e4senm\u00e4\u00e4r\u00e4 50 kpl muodostuu seuraavasti: Henkil\u00f6j\u00e4senet 32, Yritysj\u00e4senet 5, Seniorij\u00e4sen 8, Paikallisj\u00e4senet 5.\u00a0Yhdistyksen toiminta on ollut tavanomaista v\u00e4h\u00e4isemp\u00e4\u00e4 ja suunniteltu messumatka peruttiin. TIVIA:n j\u00e4rjest\u00e4miin webinaareihin ja muihin tilaisuuksiin on osallistuttu et\u00e4n\u00e4.<\/p>\n<p><strong>YHDISTYKSEN KOKOUKSET <\/strong><\/p>\n<p>Yhdistyksen kev\u00e4tkokous pidettiin 13.3.2025 rav. Torerossa, paikalla oli 12 henkil\u00f6\u00e4. Syyskokous pidettiin 5.12.2025 my\u00f6s rav. Torerossa ja paikalla oli 12 henkil\u00f6\u00e4. Ennen syyskokousta k\u00e4ytiin Hohto-minigolfaamassa ja paikalla oli 10 henke\u00e4. Golf-tulokset tarkastettiin teko\u00e4lyn avulla.<\/p>\n<p><strong>Vuoden 2025 hallitus oli seuraava:<\/strong><\/p>\n<p>Puheenjohtaja Ari Korpelainen, varapuheenjohtaja Kari Halonen, sihteeri Jesse Tulilahti, rahastonhoitaja Noora V\u00e4is\u00e4nen, j\u00e4senet Ari Allinen, Olli Haatainen ja Jarmo V\u00e4is\u00e4nen.<\/p>\n<p><strong>Syyskokouksessa 2025 yhdistykselle valittiin puheenjohtaja ja hallituksen j\u00e4senet vuodelle 2026.<\/strong><\/p>\n<p>Puheenjohtajaksi valittiin yksimielisesti Ari Korpelainen. Hallituksen valittiin lis\u00e4ksi Ari Allinen, Jesse Tulilahti, Noora V\u00e4is\u00e4nen, Kari Halonen, Jarmo V\u00e4is\u00e4nen ja Anna-Maria V\u00e4is\u00e4nen.\u00a0Toiminnantarkastajaksi valittiin Janne Kontkanen.<\/p>\n<p>\u00a0<strong>MUUT ASIAT<\/strong><\/p>\n<p>Kari Halonen osallistui marraskuussa TIVIA:n syysliittokokoukseen. Hallitus kokoontui kolme kertaa. Yhdistyksen taloudellinen tilanne pysyi vakaana.<\/p>\n<p>&nbsp;<\/p>\n<p>Joensuussa 22.2.2026<\/p>\n<p><strong>TIVIA Pohjois-Karjala ry <\/strong><\/p>\n<p>pj Ari Korpelainen<\/p>\n<p>&nbsp;<\/p>\n<p>[\/et_pb_text][\/et_pb_column][\/et_pb_row][\/et_pb_section]<\/p>\n","protected":false},"excerpt":{"rendered":"<p>YLEIST\u00c4 Yhdistys on toiminut vuodesta 1981 alkaen. J\u00e4senm\u00e4\u00e4r\u00e4 pysyi l\u00e4hes samana kuin edellisen\u00e4 vuotena (lukum\u00e4\u00e4r\u00e4 sulkeissa), henkil\u00f6j\u00e4senist\u00e4 muutamia on muuttunut seniorij\u00e4seniksi. J\u00e4senten keski-ik\u00e4 on n. 60 v. Yhdistyksen j\u00e4senm\u00e4\u00e4r\u00e4 50 kpl muodostuu seuraavasti: Henkil\u00f6j\u00e4senet 32, Yritysj\u00e4senet 5, Seniorij\u00e4sen 8, Paikallisj\u00e4senet 5.\u00a0Yhdistyksen toiminta on ollut tavanomaista v\u00e4h\u00e4isemp\u00e4\u00e4 ja suunniteltu messumatka peruttiin. TIVIA:n j\u00e4rjest\u00e4miin webinaareihin ja muihin [&hellip;]<\/p>\n","protected":false},"author":7,"featured_media":0,"parent":0,"menu_order":0,"comment_status":"closed","ping_status":"closed","template":"","meta":{"_et_pb_use_builder":"on","_et_pb_old_content":"","_et_gb_content_width":"","_monsterinsights_skip_tracking":false,"_monsterinsights_sitenote_active":false,"_monsterinsights_sitenote_note":"","_monsterinsights_sitenote_category":0,"footnotes":""},"class_list":["post-28500","page","type-page","status-publish","hentry"],"yoast_head":"<!-- This site is optimized with the Yoast SEO plugin v24.7 - https:\/\/yoast.com\/wordpress\/plugins\/seo\/ -->\n<title>Toimintakertomus 2025 - Pokat<\/title>\n<meta name=\"robots\" content=\"index, follow, max-snippet:-1, max-image-preview:large, max-video-preview:-1\" \/>\n<link rel=\"canonical\" href=\"https:\/\/www.pokat.fi\/index.php\/toimintakertomus-2025\/\" \/>\n<meta property=\"og:locale\" content=\"fi_FI\" \/>\n<meta property=\"og:type\" content=\"article\" \/>\n<meta property=\"og:title\" content=\"Toimintakertomus 2025 - Pokat\" \/>\n<meta property=\"og:description\" content=\"YLEIST\u00c4 Yhdistys on toiminut vuodesta 1981 alkaen. J\u00e4senm\u00e4\u00e4r\u00e4 pysyi l\u00e4hes samana kuin edellisen\u00e4 vuotena (lukum\u00e4\u00e4r\u00e4 sulkeissa), henkil\u00f6j\u00e4senist\u00e4 muutamia on muuttunut seniorij\u00e4seniksi. J\u00e4senten keski-ik\u00e4 on n. 60 v. Yhdistyksen j\u00e4senm\u00e4\u00e4r\u00e4 50 kpl muodostuu seuraavasti: Henkil\u00f6j\u00e4senet 32, Yritysj\u00e4senet 5, Seniorij\u00e4sen 8, Paikallisj\u00e4senet 5.\u00a0Yhdistyksen toiminta on ollut tavanomaista v\u00e4h\u00e4isemp\u00e4\u00e4 ja suunniteltu messumatka peruttiin. TIVIA:n j\u00e4rjest\u00e4miin webinaareihin ja muihin [&hellip;]\" \/>\n<meta property=\"og:url\" content=\"https:\/\/www.pokat.fi\/index.php\/toimintakertomus-2025\/\" \/>\n<meta property=\"og:site_name\" content=\"Pokat\" \/>\n<meta property=\"article:modified_time\" content=\"2026-02-26T17:52:49+00:00\" \/>\n<meta name=\"twitter:card\" content=\"summary_large_image\" \/>\n<meta name=\"twitter:label1\" content=\"Arvioitu lukuaika\" \/>\n\t<meta name=\"twitter:data1\" content=\"4 minuuttia\" \/>\n<script type=\"application\/ld+json\" class=\"yoast-schema-graph\">{\"@context\":\"https:\/\/schema.org\",\"@graph\":[{\"@type\":\"WebPage\",\"@id\":\"https:\/\/www.pokat.fi\/index.php\/toimintakertomus-2025\/\",\"url\":\"https:\/\/www.pokat.fi\/index.php\/toimintakertomus-2025\/\",\"name\":\"Toimintakertomus 2025 - Pokat\",\"isPartOf\":{\"@id\":\"https:\/\/www.pokat.fi\/#website\"},\"datePublished\":\"2020-07-07T09:56:26+00:00\",\"dateModified\":\"2026-02-26T17:52:49+00:00\",\"breadcrumb\":{\"@id\":\"https:\/\/www.pokat.fi\/index.php\/toimintakertomus-2025\/#breadcrumb\"},\"inLanguage\":\"fi\",\"potentialAction\":[{\"@type\":\"ReadAction\",\"target\":[\"https:\/\/www.pokat.fi\/index.php\/toimintakertomus-2025\/\"]}]},{\"@type\":\"BreadcrumbList\",\"@id\":\"https:\/\/www.pokat.fi\/index.php\/toimintakertomus-2025\/#breadcrumb\",\"itemListElement\":[{\"@type\":\"ListItem\",\"position\":1,\"name\":\"Home\",\"item\":\"https:\/\/www.pokat.fi\/\"},{\"@type\":\"ListItem\",\"position\":2,\"name\":\"Toimintakertomus 2025\"}]},{\"@type\":\"WebSite\",\"@id\":\"https:\/\/www.pokat.fi\/#website\",\"url\":\"https:\/\/www.pokat.fi\/\",\"name\":\"Pokat\",\"description\":\"TIVIA Pohjois-Karjala\",\"publisher\":{\"@id\":\"https:\/\/www.pokat.fi\/#organization\"},\"potentialAction\":[{\"@type\":\"SearchAction\",\"target\":{\"@type\":\"EntryPoint\",\"urlTemplate\":\"https:\/\/www.pokat.fi\/?s={search_term_string}\"},\"query-input\":{\"@type\":\"PropertyValueSpecification\",\"valueRequired\":true,\"valueName\":\"search_term_string\"}}],\"inLanguage\":\"fi\"},{\"@type\":\"Organization\",\"@id\":\"https:\/\/www.pokat.fi\/#organization\",\"name\":\"Pokat\",\"url\":\"https:\/\/www.pokat.fi\/\",\"logo\":{\"@type\":\"ImageObject\",\"inLanguage\":\"fi\",\"@id\":\"https:\/\/www.pokat.fi\/#\/schema\/logo\/image\/\",\"url\":\"https:\/\/www.pokat.fi\/wp-content\/uploads\/2019\/07\/cropped-pokat-uusinimi-1.jpg\",\"contentUrl\":\"https:\/\/www.pokat.fi\/wp-content\/uploads\/2019\/07\/cropped-pokat-uusinimi-1.jpg\",\"width\":460,\"height\":172,\"caption\":\"Pokat\"},\"image\":{\"@id\":\"https:\/\/www.pokat.fi\/#\/schema\/logo\/image\/\"}}]}<\/script>\n<!-- \/ Yoast SEO plugin. -->","yoast_head_json":{"title":"Toimintakertomus 2025 - Pokat","robots":{"index":"index","follow":"follow","max-snippet":"max-snippet:-1","max-image-preview":"max-image-preview:large","max-video-preview":"max-video-preview:-1"},"canonical":"https:\/\/www.pokat.fi\/index.php\/toimintakertomus-2025\/","og_locale":"fi_FI","og_type":"article","og_title":"Toimintakertomus 2025 - Pokat","og_description":"YLEIST\u00c4 Yhdistys on toiminut vuodesta 1981 alkaen. J\u00e4senm\u00e4\u00e4r\u00e4 pysyi l\u00e4hes samana kuin edellisen\u00e4 vuotena (lukum\u00e4\u00e4r\u00e4 sulkeissa), henkil\u00f6j\u00e4senist\u00e4 muutamia on muuttunut seniorij\u00e4seniksi. J\u00e4senten keski-ik\u00e4 on n. 60 v. Yhdistyksen j\u00e4senm\u00e4\u00e4r\u00e4 50 kpl muodostuu seuraavasti: Henkil\u00f6j\u00e4senet 32, Yritysj\u00e4senet 5, Seniorij\u00e4sen 8, Paikallisj\u00e4senet 5.\u00a0Yhdistyksen toiminta on ollut tavanomaista v\u00e4h\u00e4isemp\u00e4\u00e4 ja suunniteltu messumatka peruttiin. TIVIA:n j\u00e4rjest\u00e4miin webinaareihin ja muihin [&hellip;]","og_url":"https:\/\/www.pokat.fi\/index.php\/toimintakertomus-2025\/","og_site_name":"Pokat","article_modified_time":"2026-02-26T17:52:49+00:00","twitter_card":"summary_large_image","twitter_misc":{"Arvioitu lukuaika":"4 minuuttia"},"schema":{"@context":"https:\/\/schema.org","@graph":[{"@type":"WebPage","@id":"https:\/\/www.pokat.fi\/index.php\/toimintakertomus-2025\/","url":"https:\/\/www.pokat.fi\/index.php\/toimintakertomus-2025\/","name":"Toimintakertomus 2025 - Pokat","isPartOf":{"@id":"https:\/\/www.pokat.fi\/#website"},"datePublished":"2020-07-07T09:56:26+00:00","dateModified":"2026-02-26T17:52:49+00:00","breadcrumb":{"@id":"https:\/\/www.pokat.fi\/index.php\/toimintakertomus-2025\/#breadcrumb"},"inLanguage":"fi","potentialAction":[{"@type":"ReadAction","target":["https:\/\/www.pokat.fi\/index.php\/toimintakertomus-2025\/"]}]},{"@type":"BreadcrumbList","@id":"https:\/\/www.pokat.fi\/index.php\/toimintakertomus-2025\/#breadcrumb","itemListElement":[{"@type":"ListItem","position":1,"name":"Home","item":"https:\/\/www.pokat.fi\/"},{"@type":"ListItem","position":2,"name":"Toimintakertomus 2025"}]},{"@type":"WebSite","@id":"https:\/\/www.pokat.fi\/#website","url":"https:\/\/www.pokat.fi\/","name":"Pokat","description":"TIVIA Pohjois-Karjala","publisher":{"@id":"https:\/\/www.pokat.fi\/#organization"},"potentialAction":[{"@type":"SearchAction","target":{"@type":"EntryPoint","urlTemplate":"https:\/\/www.pokat.fi\/?s={search_term_string}"},"query-input":{"@type":"PropertyValueSpecification","valueRequired":true,"valueName":"search_term_string"}}],"inLanguage":"fi"},{"@type":"Organization","@id":"https:\/\/www.pokat.fi\/#organization","name":"Pokat","url":"https:\/\/www.pokat.fi\/","logo":{"@type":"ImageObject","inLanguage":"fi","@id":"https:\/\/www.pokat.fi\/#\/schema\/logo\/image\/","url":"https:\/\/www.pokat.fi\/wp-content\/uploads\/2019\/07\/cropped-pokat-uusinimi-1.jpg","contentUrl":"https:\/\/www.pokat.fi\/wp-content\/uploads\/2019\/07\/cropped-pokat-uusinimi-1.jpg","width":460,"height":172,"caption":"Pokat"},"image":{"@id":"https:\/\/www.pokat.fi\/#\/schema\/logo\/image\/"}}]}},"_links":{"self":[{"href":"https:\/\/www.pokat.fi\/index.php\/wp-json\/wp\/v2\/pages\/28500","targetHints":{"allow":["GET"]}}],"collection":[{"href":"https:\/\/www.pokat.fi\/index.php\/wp-json\/wp\/v2\/pages"}],"about":[{"href":"https:\/\/www.pokat.fi\/index.php\/wp-json\/wp\/v2\/types\/page"}],"author":[{"embeddable":true,"href":"https:\/\/www.pokat.fi\/index.php\/wp-json\/wp\/v2\/users\/7"}],"replies":[{"embeddable":true,"href":"https:\/\/www.pokat.fi\/index.php\/wp-json\/wp\/v2\/comments?post=28500"}],"version-history":[{"count":12,"href":"https:\/\/www.pokat.fi\/index.php\/wp-json\/wp\/v2\/pages\/28500\/revisions"}],"predecessor-version":[{"id":29910,"href":"https:\/\/www.pokat.fi\/index.php\/wp-json\/wp\/v2\/pages\/28500\/revisions\/29910"}],"wp:attachment":[{"href":"https:\/\/www.pokat.fi\/index.php\/wp-json\/wp\/v2\/media?parent=28500"}],"curies":[{"name":"wp","href":"https:\/\/api.w.org\/{rel}","templated":true}]}}