{"id":28494,"date":"2020-07-07T11:53:25","date_gmt":"2020-07-07T09:53:25","guid":{"rendered":"http:\/\/localhost\/wordpress\/?page_id=28494"},"modified":"2026-02-26T19:54:45","modified_gmt":"2026-02-26T17:54:45","slug":"toimintasuunnitelma-2026","status":"publish","type":"page","link":"https:\/\/www.pokat.fi\/index.php\/toimintasuunnitelma-2026\/","title":{"rendered":"Toimintasuunnitelma 2026"},"content":{"rendered":"\n[et_pb_section fb_built=&#8221;1&#8243; fullwidth=&#8221;on&#8221; admin_label=&#8221;Header&#8221; _builder_version=&#8221;4.16&#8243; background_image=&#8221;https:\/\/www.pokat.fi\/wp-content\/uploads\/2019\/07\/clipboard-close-up-composition-893894.jpg&#8221; parallax=&#8221;on&#8221; custom_padding=&#8221;|||&#8221; animation_style=&#8221;slide&#8221; animation_direction=&#8221;top&#8221; animation_intensity_slide=&#8221;2%&#8221; global_colors_info=&#8221;{}&#8221;][et_pb_fullwidth_header title=&#8221;Toimintasuunnitelma 2026&#8243; background_overlay_color=&#8221;rgba(255,255,255,0.6)&#8221; content_max_width=&#8221;700px&#8221; content_max_width_tablet=&#8221;100%&#8221; content_max_width_phone=&#8221;&#8221; content_max_width_last_edited=&#8221;on|desktop&#8221; _builder_version=&#8221;4.16&#8243; title_font=&#8221;Roboto|300|||||||&#8221; title_font_size=&#8221;60px&#8221; title_line_height=&#8221;1.4em&#8221; content_font=&#8221;||||||||&#8221; content_font_size=&#8221;17px&#8221; content_line_height=&#8221;1.9em&#8221; subhead_font=&#8221;|600|||||||&#8221; subhead_font_size=&#8221;20px&#8221; subhead_line_height=&#8221;1.8em&#8221; background_color=&#8221;rgba(255,255,255,0.3)&#8221; background_image=&#8221;https:\/\/www.pokat.fi\/wp-content\/uploads\/2019\/07\/dots-3.png&#8221; custom_button_one=&#8221;on&#8221; button_one_text_size=&#8221;14px&#8221; button_one_text_color=&#8221;#ffffff&#8221; button_one_bg_color=&#8221;#8300e9&#8243; button_one_bg_color_gradient_direction=&#8221;90deg&#8221; button_one_bg_color_gradient_stops=&#8221;#d883f8 0%|#352DBE 100%&#8221; button_one_bg_color_gradient_start=&#8221;#d883f8&#8243; button_one_bg_color_gradient_end=&#8221;#352DBE&#8221; button_one_border_width=&#8221;10px&#8221; button_one_border_color=&#8221;rgba(0,0,0,0)&#8221; button_one_border_radius=&#8221;100px&#8221; button_one_letter_spacing=&#8221;3px&#8221; button_one_font=&#8221;Roboto|700||on|||||&#8221; custom_button_two=&#8221;on&#8221; button_two_text_size=&#8221;14px&#8221; button_two_text_color=&#8221;#ffffff&#8221; button_two_bg_color=&#8221;#06c8ff&#8221; button_two_border_width=&#8221;10px&#8221; button_two_border_color=&#8221;rgba(0,0,0,0)&#8221; button_two_border_radius=&#8221;100px&#8221; button_two_letter_spacing=&#8221;3px&#8221; button_two_font=&#8221;Roboto|700||on|||||&#8221; background_layout=&#8221;light&#8221; custom_margin=&#8221;||||false&#8221; custom_padding=&#8221;8vw||8vw||true&#8221; custom_padding_tablet=&#8221;250px||250px||true&#8221; custom_padding_last_edited=&#8221;off|desktop&#8221; title_font_size_tablet=&#8221;40px&#8221; title_font_size_phone=&#8221;32px&#8221; title_font_size_last_edited=&#8221;on|desktop&#8221; button_one_text_color_hover=&#8221;#ffffff&#8221; button_two_text_color_hover=&#8221;#ffffff&#8221; button_one_letter_spacing_hover=&#8221;3px&#8221; button_two_letter_spacing_hover=&#8221;3px&#8221; global_colors_info=&#8221;{}&#8221; button_one_text_size__hover_enabled=&#8221;off&#8221; button_two_text_size__hover_enabled=&#8221;off&#8221; button_one_text_color__hover_enabled=&#8221;on&#8221; button_one_text_color__hover=&#8221;#ffffff&#8221; button_two_text_color__hover_enabled=&#8221;on&#8221; button_two_text_color__hover=&#8221;#ffffff&#8221; button_one_border_width__hover_enabled=&#8221;off&#8221; button_two_border_width__hover_enabled=&#8221;off&#8221; button_one_border_color__hover_enabled=&#8221;off&#8221; button_two_border_color__hover_enabled=&#8221;off&#8221; button_one_border_radius__hover_enabled=&#8221;off&#8221; button_two_border_radius__hover_enabled=&#8221;off&#8221; button_one_letter_spacing__hover_enabled=&#8221;on&#8221; button_one_letter_spacing__hover=&#8221;3px&#8221; button_two_letter_spacing__hover_enabled=&#8221;on&#8221; button_two_letter_spacing__hover=&#8221;3px&#8221; button_one_bg_color__hover_enabled=&#8221;off&#8221; button_two_bg_color__hover_enabled=&#8221;off&#8221;][\/et_pb_fullwidth_header][\/et_pb_section][et_pb_section fb_built=&#8221;1&#8243; admin_label=&#8221;About&#8221; _builder_version=&#8221;4.16&#8243; custom_padding=&#8221;|||&#8221; global_colors_info=&#8221;{}&#8221;][et_pb_row _builder_version=&#8221;4.16&#8243; global_colors_info=&#8221;{}&#8221;][et_pb_column type=&#8221;4_4&#8243; _builder_version=&#8221;4.16&#8243; custom_padding=&#8221;|||&#8221; global_colors_info=&#8221;{}&#8221; custom_padding__hover=&#8221;|||&#8221;][et_pb_text _builder_version=&#8221;4.16&#8243; text_font=&#8221;||||||||&#8221; text_font_size=&#8221;16px&#8221; text_line_height=&#8221;1.9em&#8221; custom_padding=&#8221;||57px|||&#8221; global_colors_info=&#8221;{}&#8221;]<h1>Toimintasuunnitelma 2026\u00a0\u00a0<\/h1>\n<p><strong>\u00a0Yhdistyksen arvot ja tavoitteet \u00a0\u00a0<\/strong><\/p>\n<p>TIVIA Pohjois-Karjala ry, (entinen POKAT ry) on perustettu Joensuussa 30.9.1981. Yhdistyksen tarkoituksena on aina ollut toimia tieto- ja viestint\u00e4tekniikka-alan parissa ty\u00f6skentelevien ja alasta kiinnostuneiden henkil\u00f6iden sek\u00e4 yhteis\u00f6jen yhdyssiteen\u00e4 Pohjois-Karjalan alueella, edist\u00e4\u00e4 tieto- ja viestint\u00e4tekniikan mahdollisimman tehokasta hyv\u00e4ksik\u00e4ytt\u00f6\u00e4 sek\u00e4 edist\u00e4\u00e4 tietotekniikka-alalla toimivien ja siit\u00e4 kiinnostuneiden verkostoitumista ja ammatillista kehittymist\u00e4 osana valtakunnallisesti toimivaa TIVIA-yhteis\u00f6\u00e4.\u00a0Tarkoituksensa toteuttamiseksi yhdistys voi j\u00e4rjest\u00e4\u00e4\u00a0 kokouksia, esitelm\u00e4-, keskustelu- ja opintotilaisuuksia.\u00a0<\/p>\n<p><strong>Lis\u00e4ksi voidaan j\u00e4rjest\u00e4\u00e4 tutustumisk\u00e4yntej\u00e4 sek\u00e4 virkistysmatkoja niin kotimaahan kuin ulkomaille.\u00a0\u00a0<\/strong><\/p>\n<p>TIVIA Pohjois-Karjala toimii yhteisty\u00f6ss\u00e4 Tivian ja muiden alan toimijoiden kanssa Pohjois-Karjalassa ja l\u00e4hialueilla. Yhdistys on toiminnallaan yleishy\u00f6dyllinen yhteis\u00f6, eik\u00e4 tuota siihen osallisille voittoa eik\u00e4 v\u00e4lit\u00f6nt\u00e4 taloudellista hy\u00f6ty\u00e4. Yhdistys ei toimi j\u00e4sentens\u00e4 etuja ajavana ty\u00f6markkinaj\u00e4rjest\u00f6n\u00e4.\u00a0\u00a0<\/p>\n<p>\u00a0<strong>Tiedottaminen ei ole yhdistyksen p\u00e4\u00e4m\u00e4\u00e4r\u00e4 sin\u00e4ns\u00e4, vaan sen teht\u00e4v\u00e4n\u00e4 on tukea yhdistyksen tavoitteiden toteutumista. <\/strong><\/p>\n<p><strong>J\u00e4senten perusoikeuksiin kuuluu tiedonsaanti yhdistyksen toiminnasta.<\/strong>\u00a0<\/p>\n<h2>Toiminnan yleislinjaus 2026 \u00a0\u00a0<\/h2>\n<p>Vuoden 2026 tapahtumiksi hallitus suunnittelee s\u00e4\u00e4nn\u00f6iss\u00e4 m\u00e4\u00e4riteltyjen kev\u00e4t- ja syyskokousten lis\u00e4ksi<\/p>\n<p>&#8211; 1-2 messumatkaa (esim. Helsinki\/Tampere) ja 1-2 tutustumisk\u00e4ynti\u00e4 yrityksiin tai tapahtumiin<\/p>\n<p>Kaikkialla on alettu puhumaan viime aikoina <strong>TEKO\u00c4LYST\u00c4<\/strong>. Alla on yksi esimerkki laadukkaista ja ilmaisista \u00a0verkkokursseista, joita Helsingin yliopisto tarjoaa <a href=\"https:\/\/emea01.safelinks.protection.outlook.com\/?url=https%3A%2F%2Fwww.mooc.fi%2F&amp;data=05%7C02%7C%7Ccddf8a4cc47c4e64ae5408dce820f152%7C84df9e7fe9f640afb435aaaaaaaaaaaa%7C1%7C0%7C638640475394986234%7CUnknown%7CTWFpbGZsb3d8eyJWIjoiMC4wLjAwMDAiLCJQIjoiV2luMzIiLCJBTiI6Ik1haWwiLCJXVCI6Mn0%3D%7C0%7C%7C%7C&amp;sdata=mID99MiXacO8TEBwF3ALIpVbKyZ3N%2Fb0QeIFHoYOILs%3D&amp;reserved=0\">koulutuksia ohjelmoinnin tai teko\u00e4lyn perusteista<\/a>.<\/p>\n<p><strong><\/strong><\/p>\n<p><strong>Toiminnan muita tavoitteita: <\/strong><\/p>\n<p>&#8211; J\u00e4senm\u00e4\u00e4r\u00e4n lis\u00e4\u00e4minen tai ainakin s\u00e4ilytt\u00e4minen sek\u00e4 kiinnostavuuden lis\u00e4\u00e4minen<\/p>\n<p>&#8211; <span style=\"font-size: 16px;\">Pyrit\u00e4\u00e4n j\u00e4rjest\u00e4m\u00e4\u00e4n tapahtumia yhteisty\u00f6ss\u00e4 muiden toimijoiden kanssa<\/span><\/p>\n<p>&#8211; Viestint\u00e4\u00e4 kehitet\u00e4\u00e4n: nettisivujen k\u00e4ytt\u00f6 ja Facebook tiedotuskanavana\u00a0<span style=\"font-size: 16px;\"><\/span><\/p>\n<p><span style=\"font-size: 16px;\"><\/span><\/p>\n<p><strong>Yhteisty\u00f6 Tivian kanssa on keskeist\u00e4:\u00a0\u00a0\u00a0 <\/strong><\/p>\n<ul>\n<li>Tiedotetaan valtakunnallisista tapahtumista ja kehotetaan osallistumaan niihin<\/li>\n<li>Tivia tukee yhdistyksemme j\u00e4rjest\u00e4mi\u00e4 omia koulutus- yms. tapahtumia<\/li>\n<\/ul>\n<p>\u00a0Vuoden 2026 toimintaa rahoitetaan j\u00e4senmaksuilla sek\u00e4 tapahtumamaksuilla. \u00a0\u00a0\u00a0\u00a0\u00a0\u00a0<\/p>\n<p><strong><\/strong><\/p>\n<p><strong><\/strong><\/p>\n<p><strong>TIVIA Pohjois-Karjala ry<\/strong><br \/><strong>HALLITUS<\/strong><\/p>\n<p><strong><\/strong><\/p>\n<p><strong><\/strong><\/p>[\/et_pb_text][\/et_pb_column][\/et_pb_row][\/et_pb_section]\n","protected":false},"excerpt":{"rendered":"<p>Toimintasuunnitelma 2026\u00a0\u00a0 \u00a0Yhdistyksen arvot ja tavoitteet \u00a0\u00a0 TIVIA Pohjois-Karjala ry, (entinen POKAT ry) on perustettu Joensuussa 30.9.1981. Yhdistyksen tarkoituksena on aina ollut toimia tieto- ja viestint\u00e4tekniikka-alan parissa ty\u00f6skentelevien ja alasta kiinnostuneiden henkil\u00f6iden sek\u00e4 yhteis\u00f6jen yhdyssiteen\u00e4 Pohjois-Karjalan alueella, edist\u00e4\u00e4 tieto- ja viestint\u00e4tekniikan mahdollisimman tehokasta hyv\u00e4ksik\u00e4ytt\u00f6\u00e4 sek\u00e4 edist\u00e4\u00e4 tietotekniikka-alalla toimivien ja siit\u00e4 kiinnostuneiden verkostoitumista ja ammatillista kehittymist\u00e4 [&hellip;]<\/p>\n","protected":false},"author":7,"featured_media":0,"parent":0,"menu_order":0,"comment_status":"closed","ping_status":"closed","template":"","meta":{"_et_pb_use_builder":"on","_et_pb_old_content":"","_et_gb_content_width":"","_monsterinsights_skip_tracking":false,"_monsterinsights_sitenote_active":false,"_monsterinsights_sitenote_note":"","_monsterinsights_sitenote_category":0,"footnotes":""},"class_list":["post-28494","page","type-page","status-publish","hentry"],"yoast_head":"<!-- This site is optimized with the Yoast SEO plugin v24.7 - https:\/\/yoast.com\/wordpress\/plugins\/seo\/ -->\n<title>Toimintasuunnitelma 2026 - Pokat<\/title>\n<meta name=\"robots\" content=\"index, follow, max-snippet:-1, max-image-preview:large, max-video-preview:-1\" \/>\n<link rel=\"canonical\" href=\"https:\/\/www.pokat.fi\/index.php\/toimintasuunnitelma-2026\/\" \/>\n<meta property=\"og:locale\" content=\"fi_FI\" \/>\n<meta property=\"og:type\" content=\"article\" \/>\n<meta property=\"og:title\" content=\"Toimintasuunnitelma 2026 - Pokat\" \/>\n<meta property=\"og:description\" content=\"Toimintasuunnitelma 2026\u00a0\u00a0 \u00a0Yhdistyksen arvot ja tavoitteet \u00a0\u00a0 TIVIA Pohjois-Karjala ry, (entinen POKAT ry) on perustettu Joensuussa 30.9.1981. Yhdistyksen tarkoituksena on aina ollut toimia tieto- ja viestint\u00e4tekniikka-alan parissa ty\u00f6skentelevien ja alasta kiinnostuneiden henkil\u00f6iden sek\u00e4 yhteis\u00f6jen yhdyssiteen\u00e4 Pohjois-Karjalan alueella, edist\u00e4\u00e4 tieto- ja viestint\u00e4tekniikan mahdollisimman tehokasta hyv\u00e4ksik\u00e4ytt\u00f6\u00e4 sek\u00e4 edist\u00e4\u00e4 tietotekniikka-alalla toimivien ja siit\u00e4 kiinnostuneiden verkostoitumista ja ammatillista kehittymist\u00e4 [&hellip;]\" \/>\n<meta property=\"og:url\" content=\"https:\/\/www.pokat.fi\/index.php\/toimintasuunnitelma-2026\/\" \/>\n<meta property=\"og:site_name\" content=\"Pokat\" \/>\n<meta property=\"article:modified_time\" content=\"2026-02-26T17:54:45+00:00\" \/>\n<meta name=\"twitter:card\" content=\"summary_large_image\" \/>\n<meta name=\"twitter:label1\" content=\"Arvioitu lukuaika\" \/>\n\t<meta name=\"twitter:data1\" content=\"2 minuuttia\" \/>\n<script type=\"application\/ld+json\" class=\"yoast-schema-graph\">{\"@context\":\"https:\/\/schema.org\",\"@graph\":[{\"@type\":\"WebPage\",\"@id\":\"https:\/\/www.pokat.fi\/index.php\/toimintasuunnitelma-2026\/\",\"url\":\"https:\/\/www.pokat.fi\/index.php\/toimintasuunnitelma-2026\/\",\"name\":\"Toimintasuunnitelma 2026 - Pokat\",\"isPartOf\":{\"@id\":\"https:\/\/www.pokat.fi\/#website\"},\"datePublished\":\"2020-07-07T09:53:25+00:00\",\"dateModified\":\"2026-02-26T17:54:45+00:00\",\"breadcrumb\":{\"@id\":\"https:\/\/www.pokat.fi\/index.php\/toimintasuunnitelma-2026\/#breadcrumb\"},\"inLanguage\":\"fi\",\"potentialAction\":[{\"@type\":\"ReadAction\",\"target\":[\"https:\/\/www.pokat.fi\/index.php\/toimintasuunnitelma-2026\/\"]}]},{\"@type\":\"BreadcrumbList\",\"@id\":\"https:\/\/www.pokat.fi\/index.php\/toimintasuunnitelma-2026\/#breadcrumb\",\"itemListElement\":[{\"@type\":\"ListItem\",\"position\":1,\"name\":\"Home\",\"item\":\"https:\/\/www.pokat.fi\/\"},{\"@type\":\"ListItem\",\"position\":2,\"name\":\"Toimintasuunnitelma 2026\"}]},{\"@type\":\"WebSite\",\"@id\":\"https:\/\/www.pokat.fi\/#website\",\"url\":\"https:\/\/www.pokat.fi\/\",\"name\":\"Pokat\",\"description\":\"TIVIA Pohjois-Karjala\",\"publisher\":{\"@id\":\"https:\/\/www.pokat.fi\/#organization\"},\"potentialAction\":[{\"@type\":\"SearchAction\",\"target\":{\"@type\":\"EntryPoint\",\"urlTemplate\":\"https:\/\/www.pokat.fi\/?s={search_term_string}\"},\"query-input\":{\"@type\":\"PropertyValueSpecification\",\"valueRequired\":true,\"valueName\":\"search_term_string\"}}],\"inLanguage\":\"fi\"},{\"@type\":\"Organization\",\"@id\":\"https:\/\/www.pokat.fi\/#organization\",\"name\":\"Pokat\",\"url\":\"https:\/\/www.pokat.fi\/\",\"logo\":{\"@type\":\"ImageObject\",\"inLanguage\":\"fi\",\"@id\":\"https:\/\/www.pokat.fi\/#\/schema\/logo\/image\/\",\"url\":\"https:\/\/www.pokat.fi\/wp-content\/uploads\/2019\/07\/cropped-pokat-uusinimi-1.jpg\",\"contentUrl\":\"https:\/\/www.pokat.fi\/wp-content\/uploads\/2019\/07\/cropped-pokat-uusinimi-1.jpg\",\"width\":460,\"height\":172,\"caption\":\"Pokat\"},\"image\":{\"@id\":\"https:\/\/www.pokat.fi\/#\/schema\/logo\/image\/\"}}]}<\/script>\n<!-- \/ Yoast SEO plugin. -->","yoast_head_json":{"title":"Toimintasuunnitelma 2026 - Pokat","robots":{"index":"index","follow":"follow","max-snippet":"max-snippet:-1","max-image-preview":"max-image-preview:large","max-video-preview":"max-video-preview:-1"},"canonical":"https:\/\/www.pokat.fi\/index.php\/toimintasuunnitelma-2026\/","og_locale":"fi_FI","og_type":"article","og_title":"Toimintasuunnitelma 2026 - Pokat","og_description":"Toimintasuunnitelma 2026\u00a0\u00a0 \u00a0Yhdistyksen arvot ja tavoitteet \u00a0\u00a0 TIVIA Pohjois-Karjala ry, (entinen POKAT ry) on perustettu Joensuussa 30.9.1981. Yhdistyksen tarkoituksena on aina ollut toimia tieto- ja viestint\u00e4tekniikka-alan parissa ty\u00f6skentelevien ja alasta kiinnostuneiden henkil\u00f6iden sek\u00e4 yhteis\u00f6jen yhdyssiteen\u00e4 Pohjois-Karjalan alueella, edist\u00e4\u00e4 tieto- ja viestint\u00e4tekniikan mahdollisimman tehokasta hyv\u00e4ksik\u00e4ytt\u00f6\u00e4 sek\u00e4 edist\u00e4\u00e4 tietotekniikka-alalla toimivien ja siit\u00e4 kiinnostuneiden verkostoitumista ja ammatillista kehittymist\u00e4 [&hellip;]","og_url":"https:\/\/www.pokat.fi\/index.php\/toimintasuunnitelma-2026\/","og_site_name":"Pokat","article_modified_time":"2026-02-26T17:54:45+00:00","twitter_card":"summary_large_image","twitter_misc":{"Arvioitu lukuaika":"2 minuuttia"},"schema":{"@context":"https:\/\/schema.org","@graph":[{"@type":"WebPage","@id":"https:\/\/www.pokat.fi\/index.php\/toimintasuunnitelma-2026\/","url":"https:\/\/www.pokat.fi\/index.php\/toimintasuunnitelma-2026\/","name":"Toimintasuunnitelma 2026 - Pokat","isPartOf":{"@id":"https:\/\/www.pokat.fi\/#website"},"datePublished":"2020-07-07T09:53:25+00:00","dateModified":"2026-02-26T17:54:45+00:00","breadcrumb":{"@id":"https:\/\/www.pokat.fi\/index.php\/toimintasuunnitelma-2026\/#breadcrumb"},"inLanguage":"fi","potentialAction":[{"@type":"ReadAction","target":["https:\/\/www.pokat.fi\/index.php\/toimintasuunnitelma-2026\/"]}]},{"@type":"BreadcrumbList","@id":"https:\/\/www.pokat.fi\/index.php\/toimintasuunnitelma-2026\/#breadcrumb","itemListElement":[{"@type":"ListItem","position":1,"name":"Home","item":"https:\/\/www.pokat.fi\/"},{"@type":"ListItem","position":2,"name":"Toimintasuunnitelma 2026"}]},{"@type":"WebSite","@id":"https:\/\/www.pokat.fi\/#website","url":"https:\/\/www.pokat.fi\/","name":"Pokat","description":"TIVIA Pohjois-Karjala","publisher":{"@id":"https:\/\/www.pokat.fi\/#organization"},"potentialAction":[{"@type":"SearchAction","target":{"@type":"EntryPoint","urlTemplate":"https:\/\/www.pokat.fi\/?s={search_term_string}"},"query-input":{"@type":"PropertyValueSpecification","valueRequired":true,"valueName":"search_term_string"}}],"inLanguage":"fi"},{"@type":"Organization","@id":"https:\/\/www.pokat.fi\/#organization","name":"Pokat","url":"https:\/\/www.pokat.fi\/","logo":{"@type":"ImageObject","inLanguage":"fi","@id":"https:\/\/www.pokat.fi\/#\/schema\/logo\/image\/","url":"https:\/\/www.pokat.fi\/wp-content\/uploads\/2019\/07\/cropped-pokat-uusinimi-1.jpg","contentUrl":"https:\/\/www.pokat.fi\/wp-content\/uploads\/2019\/07\/cropped-pokat-uusinimi-1.jpg","width":460,"height":172,"caption":"Pokat"},"image":{"@id":"https:\/\/www.pokat.fi\/#\/schema\/logo\/image\/"}}]}},"_links":{"self":[{"href":"https:\/\/www.pokat.fi\/index.php\/wp-json\/wp\/v2\/pages\/28494","targetHints":{"allow":["GET"]}}],"collection":[{"href":"https:\/\/www.pokat.fi\/index.php\/wp-json\/wp\/v2\/pages"}],"about":[{"href":"https:\/\/www.pokat.fi\/index.php\/wp-json\/wp\/v2\/types\/page"}],"author":[{"embeddable":true,"href":"https:\/\/www.pokat.fi\/index.php\/wp-json\/wp\/v2\/users\/7"}],"replies":[{"embeddable":true,"href":"https:\/\/www.pokat.fi\/index.php\/wp-json\/wp\/v2\/comments?post=28494"}],"version-history":[{"count":16,"href":"https:\/\/www.pokat.fi\/index.php\/wp-json\/wp\/v2\/pages\/28494\/revisions"}],"predecessor-version":[{"id":29912,"href":"https:\/\/www.pokat.fi\/index.php\/wp-json\/wp\/v2\/pages\/28494\/revisions\/29912"}],"wp:attachment":[{"href":"https:\/\/www.pokat.fi\/index.php\/wp-json\/wp\/v2\/media?parent=28494"}],"curies":[{"name":"wp","href":"https:\/\/api.w.org\/{rel}","templated":true}]}}