{"id":28080,"date":"2019-06-26T12:15:34","date_gmt":"2019-06-26T10:15:34","guid":{"rendered":"http:\/\/localhost\/wordpress\/?page_id=28080"},"modified":"2023-02-05T14:49:18","modified_gmt":"2023-02-05T12:49:18","slug":"yhdistys","status":"publish","type":"page","link":"https:\/\/www.pokat.fi\/index.php\/yhdistys\/","title":{"rendered":"Yhdistys"},"content":{"rendered":"<p>[et_pb_section fb_built=&#8221;1&#8243; fullwidth=&#8221;on&#8221; admin_label=&#8221;Header&#8221; _builder_version=&#8221;4.16&#8243; background_image=&#8221;https:\/\/www.pokat.fi\/wp-content\/uploads\/2019\/07\/meetup-05.jpg&#8221; parallax=&#8221;on&#8221; custom_padding=&#8221;|||&#8221; animation_style=&#8221;slide&#8221; animation_direction=&#8221;top&#8221; animation_intensity_slide=&#8221;2%&#8221; global_colors_info=&#8221;{}&#8221;][et_pb_fullwidth_header title=&#8221;Yhdistys&#8221; subhead=&#8221;POKAT perustettiin vuonna 1981.&#8221; background_overlay_color=&#8221;rgba(255,255,255,0.6)&#8221; content_max_width=&#8221;700px&#8221; content_max_width_tablet=&#8221;100%&#8221; content_max_width_phone=&#8221;&#8221; content_max_width_last_edited=&#8221;on|desktop&#8221; _builder_version=&#8221;4.16&#8243; title_font=&#8221;Roboto|300|||||||&#8221; title_font_size=&#8221;60px&#8221; title_line_height=&#8221;1.4em&#8221; content_font=&#8221;||||||||&#8221; content_font_size=&#8221;17px&#8221; content_line_height=&#8221;1.9em&#8221; subhead_font=&#8221;|600|||||||&#8221; subhead_font_size=&#8221;20px&#8221; subhead_line_height=&#8221;1.8em&#8221; background_color=&#8221;rgba(255,255,255,0.3)&#8221; background_image=&#8221;https:\/\/www.pokat.fi\/wp-content\/uploads\/2019\/07\/dots-3.png&#8221; custom_button_one=&#8221;on&#8221; button_one_text_size=&#8221;14px&#8221; button_one_text_color=&#8221;#ffffff&#8221; button_one_bg_color=&#8221;#8300e9&#8243; button_one_bg_color_gradient_direction=&#8221;90deg&#8221; button_one_bg_color_gradient_stops=&#8221;#d883f8 0%|#352DBE 100%&#8221; button_one_bg_color_gradient_start=&#8221;#d883f8&#8243; button_one_bg_color_gradient_end=&#8221;#352DBE&#8221; button_one_border_width=&#8221;10px&#8221; button_one_border_color=&#8221;rgba(0,0,0,0)&#8221; button_one_border_radius=&#8221;100px&#8221; button_one_letter_spacing=&#8221;3px&#8221; button_one_font=&#8221;Roboto|700||on|||||&#8221; custom_button_two=&#8221;on&#8221; button_two_text_size=&#8221;14px&#8221; button_two_text_color=&#8221;#ffffff&#8221; button_two_bg_color=&#8221;#06c8ff&#8221; button_two_border_width=&#8221;10px&#8221; button_two_border_color=&#8221;rgba(0,0,0,0)&#8221; button_two_border_radius=&#8221;100px&#8221; button_two_letter_spacing=&#8221;3px&#8221; button_two_font=&#8221;Roboto|700||on|||||&#8221; background_layout=&#8221;light&#8221; custom_margin=&#8221;||||false&#8221; custom_padding=&#8221;8vw||8vw||true&#8221; custom_padding_tablet=&#8221;250px||250px||true&#8221; custom_padding_last_edited=&#8221;off|desktop&#8221; title_font_size_tablet=&#8221;40px&#8221; title_font_size_phone=&#8221;32px&#8221; title_font_size_last_edited=&#8221;on|desktop&#8221; button_one_text_color_hover=&#8221;#ffffff&#8221; button_two_text_color_hover=&#8221;#ffffff&#8221; button_one_letter_spacing_hover=&#8221;3px&#8221; button_two_letter_spacing_hover=&#8221;3px&#8221; global_colors_info=&#8221;{}&#8221; button_one_text_size__hover_enabled=&#8221;off&#8221; button_two_text_size__hover_enabled=&#8221;off&#8221; button_one_text_color__hover_enabled=&#8221;on&#8221; button_one_text_color__hover=&#8221;#ffffff&#8221; button_two_text_color__hover_enabled=&#8221;on&#8221; button_two_text_color__hover=&#8221;#ffffff&#8221; button_one_border_width__hover_enabled=&#8221;off&#8221; button_two_border_width__hover_enabled=&#8221;off&#8221; button_one_border_color__hover_enabled=&#8221;off&#8221; button_two_border_color__hover_enabled=&#8221;off&#8221; button_one_border_radius__hover_enabled=&#8221;off&#8221; button_two_border_radius__hover_enabled=&#8221;off&#8221; button_one_letter_spacing__hover_enabled=&#8221;on&#8221; button_one_letter_spacing__hover=&#8221;3px&#8221; button_two_letter_spacing__hover_enabled=&#8221;on&#8221; button_two_letter_spacing__hover=&#8221;3px&#8221; button_one_bg_color__hover_enabled=&#8221;off&#8221; button_two_bg_color__hover_enabled=&#8221;off&#8221;]<\/p>\n<p><span style=\"font-size: 17px;\">T\u00e4lt\u00e4 sivulta l\u00f6yd\u00e4t tarkemmat tiedot yhdistyksen toiminnasta<\/span><\/p>\n<p>[\/et_pb_fullwidth_header][\/et_pb_section][et_pb_section fb_built=&#8221;1&#8243; admin_label=&#8221;About&#8221; _builder_version=&#8221;4.16&#8243; custom_padding=&#8221;|||&#8221; global_colors_info=&#8221;{}&#8221;][et_pb_row _builder_version=&#8221;4.16&#8243; global_colors_info=&#8221;{}&#8221;][et_pb_column type=&#8221;4_4&#8243; _builder_version=&#8221;4.16&#8243; custom_padding=&#8221;|||&#8221; global_colors_info=&#8221;{}&#8221; custom_padding__hover=&#8221;|||&#8221;][et_pb_text _builder_version=&#8221;4.16&#8243; text_font=&#8221;||||||||&#8221; text_font_size=&#8221;16px&#8221; text_line_height=&#8221;1.9em&#8221; global_colors_info=&#8221;{}&#8221;]<\/p>\n<p>POKAT perustettiin vuonna 1981. J\u00e4seni\u00e4 on yli 60, joista muutama on yritysj\u00e4seni\u00e4. TIVIA Pohjois-Karjala kuuluu alueellisena yhdistyksen\u00e4 valtakunnalliseen<span>\u00a0<\/span><a href=\"http:\/\/www.tivia.fi\/etusivu\">Tieto- ja viestint\u00e4tekniikan ammattilaiset ry:hyn<\/a>. Pyrkimyksen\u00e4 on edist\u00e4\u00e4 tietotekniikan hy\u00f6dynt\u00e4mist\u00e4, taloudelliset ja inhimilliset n\u00e4k\u00f6kohdat huomioiden, edist\u00e4\u00e4 yhteisty\u00f6t\u00e4 toimialalla ty\u00f6skentelevien kesken erityisesti Pohjois-Karjalassa sek\u00e4 tukea j\u00e4senten ammatillista kehittymist\u00e4.<\/p>\n<p>Toimintamuotoina ovat mm. tiedottaminen, koulutus, keskustelutilaisuudet, tutustumisk\u00e4ynnit ja virkistysmatkat.<\/p>\n<p>Tyypillinen toimintavuosi muodostuu seuraavasti:<\/p>\n<ul>\n<li>Vuosikokous pidet\u00e4\u00e4n kev\u00e4ttalvella<\/li>\n<li>Osallistutaan paikallisiin n\u00e4yttely- ja koulutustapahtumiin<\/li>\n<li>J\u00e4rjestet\u00e4\u00e4n 1-2 seminaaria tai tietoiskua ajankohtaisista teemoista<\/li>\n<li>J\u00e4rjestet\u00e4\u00e4n yritysvierailuja ja virkistysmatkoja sek\u00e4 koti- ett\u00e4 ulkomaisiin kohteisiin<\/li>\n<li>Vietet\u00e4\u00e4n pikkujoulujuhlaa sopivassa paikassa ja -aikana.<\/li>\n<\/ul>\n<p>[\/et_pb_text][\/et_pb_column][\/et_pb_row][\/et_pb_section][et_pb_section fb_built=&#8221;1&#8243; admin_label=&#8221;Subscribe&#8221; _builder_version=&#8221;4.16&#8243; background_color_gradient_direction=&#8221;90deg&#8221; background_image=&#8221;https:\/\/www.pokat.fi\/wp-content\/uploads\/2019\/07\/bg-4.png&#8221; background_size=&#8221;initial&#8221; background_position=&#8221;bottom_right&#8221; global_colors_info=&#8221;{}&#8221;][et_pb_row column_structure=&#8221;1_3,1_3,1_3&#8243; _builder_version=&#8221;4.16&#8243; global_colors_info=&#8221;{}&#8221;][et_pb_column type=&#8221;1_3&#8243; _builder_version=&#8221;4.16&#8243; global_colors_info=&#8221;{}&#8221;][\/et_pb_column][et_pb_column type=&#8221;1_3&#8243; _builder_version=&#8221;4.16&#8243; global_colors_info=&#8221;{}&#8221;][et_pb_blurb title=&#8221;Yhteisty\u00f6kumppanit&#8221; image=&#8221;https:\/\/www.pokat.fi\/wp-content\/uploads\/2019\/07\/black-collaboration-cooperation-943630.jpg&#8221; _builder_version=&#8221;4.16&#8243; global_colors_info=&#8221;{}&#8221;][\/et_pb_blurb][et_pb_blurb title=&#8221;Vuosikokouksien s\u00e4\u00e4nt\u00f6m\u00e4\u00e4r\u00e4iset asiat&#8221; url=&#8221;https:\/\/www.pokat.fi\/index.php\/index.php\/vuosikokouksien-saantomaaraiset-asiat\/&#8221; image=&#8221;https:\/\/www.pokat.fi\/wp-content\/uploads\/2019\/07\/action-adult-analog-1043512.jpg&#8221; _builder_version=&#8221;4.16&#8243; hover_enabled=&#8221;0&#8243; global_colors_info=&#8221;{}&#8221; sticky_enabled=&#8221;0&#8243;][\/et_pb_blurb][\/et_pb_column][et_pb_column type=&#8221;1_3&#8243; _builder_version=&#8221;4.16&#8243; global_colors_info=&#8221;{}&#8221;][et_pb_blurb title=&#8221;Yritys- ja yhteis\u00f6j\u00e4senet&#8221; url=&#8221;https:\/\/www.pokat.fi\/index.php\/yritys-ja-yhteisojasenet\/&#8221; image=&#8221;https:\/\/www.pokat.fi\/wp-content\/uploads\/2019\/07\/advice-advise-advisor-7075.jpg&#8221; _builder_version=&#8221;4.16&#8243; global_colors_info=&#8221;{}&#8221;][\/et_pb_blurb][et_pb_blurb title=&#8221;Yhdistyksen s\u00e4\u00e4nn\u00f6t&#8221; url=&#8221;https:\/\/www.pokat.fi\/index.php\/index.php\/saannot\/&#8221; image=&#8221;https:\/\/www.pokat.fi\/wp-content\/uploads\/2019\/07\/action-arrangement-chalk-1374548.jpg&#8221; _builder_version=&#8221;4.16&#8243; global_colors_info=&#8221;{}&#8221;][\/et_pb_blurb][\/et_pb_column][\/et_pb_row][\/et_pb_section]<\/p>\n","protected":false},"excerpt":{"rendered":"<p>T\u00e4lt\u00e4 sivulta l\u00f6yd\u00e4t tarkemmat tiedot yhdistyksen toiminnastaPOKAT perustettiin vuonna 1981. J\u00e4seni\u00e4 on yli 60, joista muutama on yritysj\u00e4seni\u00e4. TIVIA Pohjois-Karjala kuuluu alueellisena yhdistyksen\u00e4 valtakunnalliseen\u00a0Tieto- ja viestint\u00e4tekniikan ammattilaiset ry:hyn. Pyrkimyksen\u00e4 on edist\u00e4\u00e4 tietotekniikan hy\u00f6dynt\u00e4mist\u00e4, taloudelliset ja inhimilliset n\u00e4k\u00f6kohdat huomioiden, edist\u00e4\u00e4 yhteisty\u00f6t\u00e4 toimialalla ty\u00f6skentelevien kesken erityisesti Pohjois-Karjalassa sek\u00e4 tukea j\u00e4senten ammatillista kehittymist\u00e4. Toimintamuotoina ovat mm. tiedottaminen, koulutus, [&hellip;]<\/p>\n","protected":false},"author":7,"featured_media":0,"parent":0,"menu_order":0,"comment_status":"closed","ping_status":"closed","template":"","meta":{"_et_pb_use_builder":"on","_et_pb_old_content":"","_et_gb_content_width":"","_monsterinsights_skip_tracking":false,"_monsterinsights_sitenote_active":false,"_monsterinsights_sitenote_note":"","_monsterinsights_sitenote_category":0,"footnotes":""},"class_list":["post-28080","page","type-page","status-publish","hentry"],"yoast_head":"<!-- This site is optimized with the Yoast SEO plugin v24.7 - https:\/\/yoast.com\/wordpress\/plugins\/seo\/ -->\n<title>Yhdistys - Pokat<\/title>\n<meta name=\"robots\" content=\"index, follow, max-snippet:-1, max-image-preview:large, max-video-preview:-1\" \/>\n<link rel=\"canonical\" href=\"https:\/\/www.pokat.fi\/index.php\/yhdistys\/\" \/>\n<meta property=\"og:locale\" content=\"fi_FI\" \/>\n<meta property=\"og:type\" content=\"article\" \/>\n<meta property=\"og:title\" content=\"Yhdistys - Pokat\" \/>\n<meta property=\"og:description\" content=\"T\u00e4lt\u00e4 sivulta l\u00f6yd\u00e4t tarkemmat tiedot yhdistyksen toiminnastaPOKAT perustettiin vuonna 1981. J\u00e4seni\u00e4 on yli 60, joista muutama on yritysj\u00e4seni\u00e4. TIVIA Pohjois-Karjala kuuluu alueellisena yhdistyksen\u00e4 valtakunnalliseen\u00a0Tieto- ja viestint\u00e4tekniikan ammattilaiset ry:hyn. Pyrkimyksen\u00e4 on edist\u00e4\u00e4 tietotekniikan hy\u00f6dynt\u00e4mist\u00e4, taloudelliset ja inhimilliset n\u00e4k\u00f6kohdat huomioiden, edist\u00e4\u00e4 yhteisty\u00f6t\u00e4 toimialalla ty\u00f6skentelevien kesken erityisesti Pohjois-Karjalassa sek\u00e4 tukea j\u00e4senten ammatillista kehittymist\u00e4. Toimintamuotoina ovat mm. tiedottaminen, koulutus, [&hellip;]\" \/>\n<meta property=\"og:url\" content=\"https:\/\/www.pokat.fi\/index.php\/yhdistys\/\" \/>\n<meta property=\"og:site_name\" content=\"Pokat\" \/>\n<meta property=\"article:modified_time\" content=\"2023-02-05T12:49:18+00:00\" \/>\n<meta name=\"twitter:card\" content=\"summary_large_image\" \/>\n<meta name=\"twitter:label1\" content=\"Arvioitu lukuaika\" \/>\n\t<meta name=\"twitter:data1\" content=\"4 minuuttia\" \/>\n<script type=\"application\/ld+json\" class=\"yoast-schema-graph\">{\"@context\":\"https:\/\/schema.org\",\"@graph\":[{\"@type\":\"WebPage\",\"@id\":\"https:\/\/www.pokat.fi\/index.php\/yhdistys\/\",\"url\":\"https:\/\/www.pokat.fi\/index.php\/yhdistys\/\",\"name\":\"Yhdistys - Pokat\",\"isPartOf\":{\"@id\":\"https:\/\/www.pokat.fi\/#website\"},\"datePublished\":\"2019-06-26T10:15:34+00:00\",\"dateModified\":\"2023-02-05T12:49:18+00:00\",\"breadcrumb\":{\"@id\":\"https:\/\/www.pokat.fi\/index.php\/yhdistys\/#breadcrumb\"},\"inLanguage\":\"fi\",\"potentialAction\":[{\"@type\":\"ReadAction\",\"target\":[\"https:\/\/www.pokat.fi\/index.php\/yhdistys\/\"]}]},{\"@type\":\"BreadcrumbList\",\"@id\":\"https:\/\/www.pokat.fi\/index.php\/yhdistys\/#breadcrumb\",\"itemListElement\":[{\"@type\":\"ListItem\",\"position\":1,\"name\":\"Home\",\"item\":\"https:\/\/www.pokat.fi\/\"},{\"@type\":\"ListItem\",\"position\":2,\"name\":\"Yhdistys\"}]},{\"@type\":\"WebSite\",\"@id\":\"https:\/\/www.pokat.fi\/#website\",\"url\":\"https:\/\/www.pokat.fi\/\",\"name\":\"Pokat\",\"description\":\"TIVIA Pohjois-Karjala\",\"publisher\":{\"@id\":\"https:\/\/www.pokat.fi\/#organization\"},\"potentialAction\":[{\"@type\":\"SearchAction\",\"target\":{\"@type\":\"EntryPoint\",\"urlTemplate\":\"https:\/\/www.pokat.fi\/?s={search_term_string}\"},\"query-input\":{\"@type\":\"PropertyValueSpecification\",\"valueRequired\":true,\"valueName\":\"search_term_string\"}}],\"inLanguage\":\"fi\"},{\"@type\":\"Organization\",\"@id\":\"https:\/\/www.pokat.fi\/#organization\",\"name\":\"Pokat\",\"url\":\"https:\/\/www.pokat.fi\/\",\"logo\":{\"@type\":\"ImageObject\",\"inLanguage\":\"fi\",\"@id\":\"https:\/\/www.pokat.fi\/#\/schema\/logo\/image\/\",\"url\":\"https:\/\/www.pokat.fi\/wp-content\/uploads\/2019\/07\/cropped-pokat-uusinimi-1.jpg\",\"contentUrl\":\"https:\/\/www.pokat.fi\/wp-content\/uploads\/2019\/07\/cropped-pokat-uusinimi-1.jpg\",\"width\":460,\"height\":172,\"caption\":\"Pokat\"},\"image\":{\"@id\":\"https:\/\/www.pokat.fi\/#\/schema\/logo\/image\/\"}}]}<\/script>\n<!-- \/ Yoast SEO plugin. -->","yoast_head_json":{"title":"Yhdistys - Pokat","robots":{"index":"index","follow":"follow","max-snippet":"max-snippet:-1","max-image-preview":"max-image-preview:large","max-video-preview":"max-video-preview:-1"},"canonical":"https:\/\/www.pokat.fi\/index.php\/yhdistys\/","og_locale":"fi_FI","og_type":"article","og_title":"Yhdistys - Pokat","og_description":"T\u00e4lt\u00e4 sivulta l\u00f6yd\u00e4t tarkemmat tiedot yhdistyksen toiminnastaPOKAT perustettiin vuonna 1981. J\u00e4seni\u00e4 on yli 60, joista muutama on yritysj\u00e4seni\u00e4. TIVIA Pohjois-Karjala kuuluu alueellisena yhdistyksen\u00e4 valtakunnalliseen\u00a0Tieto- ja viestint\u00e4tekniikan ammattilaiset ry:hyn. Pyrkimyksen\u00e4 on edist\u00e4\u00e4 tietotekniikan hy\u00f6dynt\u00e4mist\u00e4, taloudelliset ja inhimilliset n\u00e4k\u00f6kohdat huomioiden, edist\u00e4\u00e4 yhteisty\u00f6t\u00e4 toimialalla ty\u00f6skentelevien kesken erityisesti Pohjois-Karjalassa sek\u00e4 tukea j\u00e4senten ammatillista kehittymist\u00e4. Toimintamuotoina ovat mm. tiedottaminen, koulutus, [&hellip;]","og_url":"https:\/\/www.pokat.fi\/index.php\/yhdistys\/","og_site_name":"Pokat","article_modified_time":"2023-02-05T12:49:18+00:00","twitter_card":"summary_large_image","twitter_misc":{"Arvioitu lukuaika":"4 minuuttia"},"schema":{"@context":"https:\/\/schema.org","@graph":[{"@type":"WebPage","@id":"https:\/\/www.pokat.fi\/index.php\/yhdistys\/","url":"https:\/\/www.pokat.fi\/index.php\/yhdistys\/","name":"Yhdistys - Pokat","isPartOf":{"@id":"https:\/\/www.pokat.fi\/#website"},"datePublished":"2019-06-26T10:15:34+00:00","dateModified":"2023-02-05T12:49:18+00:00","breadcrumb":{"@id":"https:\/\/www.pokat.fi\/index.php\/yhdistys\/#breadcrumb"},"inLanguage":"fi","potentialAction":[{"@type":"ReadAction","target":["https:\/\/www.pokat.fi\/index.php\/yhdistys\/"]}]},{"@type":"BreadcrumbList","@id":"https:\/\/www.pokat.fi\/index.php\/yhdistys\/#breadcrumb","itemListElement":[{"@type":"ListItem","position":1,"name":"Home","item":"https:\/\/www.pokat.fi\/"},{"@type":"ListItem","position":2,"name":"Yhdistys"}]},{"@type":"WebSite","@id":"https:\/\/www.pokat.fi\/#website","url":"https:\/\/www.pokat.fi\/","name":"Pokat","description":"TIVIA Pohjois-Karjala","publisher":{"@id":"https:\/\/www.pokat.fi\/#organization"},"potentialAction":[{"@type":"SearchAction","target":{"@type":"EntryPoint","urlTemplate":"https:\/\/www.pokat.fi\/?s={search_term_string}"},"query-input":{"@type":"PropertyValueSpecification","valueRequired":true,"valueName":"search_term_string"}}],"inLanguage":"fi"},{"@type":"Organization","@id":"https:\/\/www.pokat.fi\/#organization","name":"Pokat","url":"https:\/\/www.pokat.fi\/","logo":{"@type":"ImageObject","inLanguage":"fi","@id":"https:\/\/www.pokat.fi\/#\/schema\/logo\/image\/","url":"https:\/\/www.pokat.fi\/wp-content\/uploads\/2019\/07\/cropped-pokat-uusinimi-1.jpg","contentUrl":"https:\/\/www.pokat.fi\/wp-content\/uploads\/2019\/07\/cropped-pokat-uusinimi-1.jpg","width":460,"height":172,"caption":"Pokat"},"image":{"@id":"https:\/\/www.pokat.fi\/#\/schema\/logo\/image\/"}}]}},"_links":{"self":[{"href":"https:\/\/www.pokat.fi\/index.php\/wp-json\/wp\/v2\/pages\/28080","targetHints":{"allow":["GET"]}}],"collection":[{"href":"https:\/\/www.pokat.fi\/index.php\/wp-json\/wp\/v2\/pages"}],"about":[{"href":"https:\/\/www.pokat.fi\/index.php\/wp-json\/wp\/v2\/types\/page"}],"author":[{"embeddable":true,"href":"https:\/\/www.pokat.fi\/index.php\/wp-json\/wp\/v2\/users\/7"}],"replies":[{"embeddable":true,"href":"https:\/\/www.pokat.fi\/index.php\/wp-json\/wp\/v2\/comments?post=28080"}],"version-history":[{"count":23,"href":"https:\/\/www.pokat.fi\/index.php\/wp-json\/wp\/v2\/pages\/28080\/revisions"}],"predecessor-version":[{"id":29879,"href":"https:\/\/www.pokat.fi\/index.php\/wp-json\/wp\/v2\/pages\/28080\/revisions\/29879"}],"wp:attachment":[{"href":"https:\/\/www.pokat.fi\/index.php\/wp-json\/wp\/v2\/media?parent=28080"}],"curies":[{"name":"wp","href":"https:\/\/api.w.org\/{rel}","templated":true}]}}