{"id":28057,"date":"2020-11-08T13:04:04","date_gmt":"2020-11-08T11:04:04","guid":{"rendered":"http:\/\/localhost\/wordpress\/?page_id=28057"},"modified":"2025-01-06T21:56:49","modified_gmt":"2025-01-06T19:56:49","slug":"jasenyys","status":"publish","type":"page","link":"https:\/\/www.pokat.fi\/index.php\/jasenyys\/","title":{"rendered":"J\u00e4senyys"},"content":{"rendered":"<p>[et_pb_section fb_built=&#8221;1&#8243; fullwidth=&#8221;on&#8221; admin_label=&#8221;Header&#8221; _builder_version=&#8221;4.16&#8243; background_image=&#8221;https:\/\/www.pokat.fi\/wp-content\/uploads\/2019\/07\/meetup-05.jpg&#8221; parallax=&#8221;on&#8221; custom_padding=&#8221;|||&#8221; animation_style=&#8221;slide&#8221; animation_direction=&#8221;top&#8221; animation_intensity_slide=&#8221;2%&#8221; link_option_url=&#8221;https:\/\/tivia.fi\/jasenyys#liity-jaseneksi&#8221; global_colors_info=&#8221;{}&#8221;][et_pb_fullwidth_header title=&#8221;J\u00e4senyys&#8221; button_one_text=&#8221;Liity Tiviaan&#8221; button_one_url=&#8221;https:\/\/crm.ttlry.fi\/ttlkotisivupalvelut\/valitse_yhdistys.aspx?kaid=129612&#8243; button_two_text=&#8221;Liity pokatiin&#8221; button_two_url=&#8221;https:\/\/www.pokat.fi\/index.php\/pokat-jasenyys\/&#8221; background_overlay_color=&#8221;rgba(255,255,255,0.6)&#8221; content_max_width=&#8221;700px&#8221; content_max_width_tablet=&#8221;100%&#8221; content_max_width_phone=&#8221;&#8221; content_max_width_last_edited=&#8221;on|desktop&#8221; _builder_version=&#8221;4.16&#8243; title_font=&#8221;Roboto|300|||||||&#8221; title_font_size=&#8221;60px&#8221; title_line_height=&#8221;1.4em&#8221; content_font=&#8221;|600|||||||&#8221; content_font_size=&#8221;18px&#8221; content_line_height=&#8221;1.9em&#8221; subhead_font=&#8221;|600|||||||&#8221; subhead_font_size=&#8221;20px&#8221; subhead_line_height=&#8221;1.8em&#8221; background_color=&#8221;rgba(255,255,255,0.3)&#8221; background_image=&#8221;https:\/\/www.pokat.fi\/wp-content\/uploads\/2019\/07\/dots-3.png&#8221; custom_button_one=&#8221;on&#8221; button_one_text_size=&#8221;14px&#8221; button_one_text_color=&#8221;#ffffff&#8221; button_one_bg_color=&#8221;#7cda24&#8243; button_one_bg_color_gradient_direction=&#8221;90deg&#8221; button_one_bg_color_gradient_stops=&#8221;#d883f8 0%|#352DBE 100%&#8221; button_one_bg_color_gradient_start=&#8221;#d883f8&#8243; button_one_bg_color_gradient_end=&#8221;#352DBE&#8221; button_one_border_width=&#8221;10px&#8221; button_one_border_color=&#8221;rgba(0,0,0,0)&#8221; button_one_border_radius=&#8221;100px&#8221; button_one_letter_spacing=&#8221;3px&#8221; button_one_font=&#8221;Roboto|700||on|||||&#8221; custom_button_two=&#8221;on&#8221; button_two_text_size=&#8221;14px&#8221; button_two_text_color=&#8221;#ffffff&#8221; button_two_bg_color=&#8221;#e02b20&#8243; button_two_border_width=&#8221;10px&#8221; button_two_border_color=&#8221;rgba(0,0,0,0)&#8221; button_two_border_radius=&#8221;100px&#8221; button_two_letter_spacing=&#8221;3px&#8221; button_two_font=&#8221;Roboto|700||on|||||&#8221; button_two_custom_margin=&#8221;||||false|false&#8221; button_two_custom_margin_tablet=&#8221;&#8221; button_two_custom_margin_phone=&#8221;|||0px|false|false&#8221; button_two_custom_margin_last_edited=&#8221;on|phone&#8221; background_layout=&#8221;light&#8221; custom_margin=&#8221;||||false&#8221; custom_padding=&#8221;8vw||8vw||true&#8221; custom_padding_tablet=&#8221;250px||250px||true&#8221; custom_padding_last_edited=&#8221;off|desktop&#8221; title_font_size_tablet=&#8221;40px&#8221; title_font_size_phone=&#8221;32px&#8221; title_font_size_last_edited=&#8221;on|desktop&#8221; content_font_tablet=&#8221;&#8221; content_font_phone=&#8221;||||||||&#8221; content_font_last_edited=&#8221;on|phone&#8221; content_font_size_tablet=&#8221;16px&#8221; content_font_size_phone=&#8221;14px&#8221; content_font_size_last_edited=&#8221;on|phone&#8221; button_one_text_size_tablet=&#8221;&#8221; button_one_text_size_phone=&#8221;&#8221; button_one_text_size_last_edited=&#8221;on|phone&#8221; button_two_border_width_tablet=&#8221;&#8221; button_two_border_width_phone=&#8221;10px&#8221; button_two_border_width_last_edited=&#8221;on|desktop&#8221; button_one_text_color_hover=&#8221;#ffffff&#8221; button_two_text_color_hover=&#8221;#ffffff&#8221; button_one_letter_spacing_hover=&#8221;3px&#8221; button_two_letter_spacing_hover=&#8221;3px&#8221; global_colors_info=&#8221;{}&#8221; button_one_text_size__hover_enabled=&#8221;off&#8221; button_two_text_size__hover_enabled=&#8221;off&#8221; button_one_text_color__hover_enabled=&#8221;on&#8221; button_one_text_color__hover=&#8221;#ffffff&#8221; button_two_text_color__hover_enabled=&#8221;on&#8221; button_two_text_color__hover=&#8221;#ffffff&#8221; button_one_border_width__hover_enabled=&#8221;off&#8221; button_two_border_width__hover_enabled=&#8221;off&#8221; button_one_border_color__hover_enabled=&#8221;off&#8221; button_two_border_color__hover_enabled=&#8221;off&#8221; button_one_border_radius__hover_enabled=&#8221;off&#8221; button_two_border_radius__hover_enabled=&#8221;off&#8221; button_one_letter_spacing__hover_enabled=&#8221;on&#8221; button_one_letter_spacing__hover=&#8221;3px&#8221; button_two_letter_spacing__hover_enabled=&#8221;on&#8221; button_two_letter_spacing__hover=&#8221;3px&#8221; button_one_bg_color__hover_enabled=&#8221;off&#8221; button_two_bg_color__hover_enabled=&#8221;off&#8221;]<\/p>\n<p>&nbsp;<\/p>\n<p>TIVIA Pohjois-Karjala ry on valtakunnallisen Tieto- ja viestint\u00e4tekniikan ammattilaiset ry:n (TIVIA) alueellinen yhdistys. Sinulla on mahdollisuus liitty\u00e4 joko paikallisj\u00e4seneksi ja\/tai \u00a0valtakunnallisen TIVIA ry:n j\u00e4seneksi.<\/p>\n<p>[\/et_pb_fullwidth_header][\/et_pb_section][et_pb_section fb_built=&#8221;1&#8243; custom_padding_last_edited=&#8221;on|tablet&#8221; admin_label=&#8221;Gold Sponsors&#8221; _builder_version=&#8221;4.16&#8243; background_size=&#8221;initial&#8221; background_position=&#8221;center_right&#8221; custom_padding=&#8221;|10vw||&#8221; custom_padding_tablet=&#8221;|0vw||&#8221; custom_padding_phone=&#8221;&#8221; border_radii=&#8221;||||&#8221; border_color_all=&#8221;rgba(0,0,0,0)&#8221; border_width_left=&#8221;2vw&#8221; collapsed=&#8221;on&#8221; global_colors_info=&#8221;{}&#8221;][et_pb_row _builder_version=&#8221;4.16&#8243; collapsed=&#8221;on&#8221; global_colors_info=&#8221;{}&#8221;][et_pb_column type=&#8221;4_4&#8243; _builder_version=&#8221;4.16&#8243; custom_padding=&#8221;|||&#8221; global_colors_info=&#8221;{}&#8221; custom_padding__hover=&#8221;|||&#8221;][et_pb_text _builder_version=&#8221;4.16&#8243; text_font=&#8221;||||||||&#8221; text_font_size=&#8221;20px&#8221; text_line_height=&#8221;1.9em&#8221; header_font=&#8221;||||||||&#8221; header_2_font=&#8221;Roboto|300|||||||&#8221; header_2_font_size=&#8221;50px&#8221; header_2_line_height=&#8221;1.2em&#8221; text_orientation=&#8221;center&#8221; max_width=&#8221;700px&#8221; max_width_tablet=&#8221;&#8221; max_width_phone=&#8221;&#8221; max_width_last_edited=&#8221;on|desktop&#8221; module_alignment=&#8221;center&#8221; header_2_font_size_tablet=&#8221;40px&#8221; header_2_font_size_phone=&#8221;32px&#8221; header_2_font_size_last_edited=&#8221;on|phone&#8221; global_colors_info=&#8221;{}&#8221;]<\/p>\n<h2>J\u00e4senedut 2025<\/h2>\n<p>J\u00e4senedut, kun olet\u00a0<strong>TIVIA Pohjois-Karjala ry:n j\u00e4sen.\u00a0<\/strong><\/p>\n<p>[\/et_pb_text][\/et_pb_column][\/et_pb_row][et_pb_row _builder_version=&#8221;4.16&#8243; global_colors_info=&#8221;{}&#8221;][et_pb_column type=&#8221;4_4&#8243; _builder_version=&#8221;4.16&#8243; custom_padding=&#8221;|||&#8221; global_colors_info=&#8221;{}&#8221; custom_padding__hover=&#8221;|||&#8221;][et_pb_text _builder_version=&#8221;4.16&#8243; text_font=&#8221;||||||||&#8221; ul_font=&#8221;||||||||&#8221; header_font=&#8221;||||||||&#8221; header_2_font=&#8221;||||||||&#8221; header_3_font=&#8221;||||||||&#8221; header_4_font=&#8221;||||||||&#8221; text_orientation=&#8221;center&#8221; global_colors_info=&#8221;{}&#8221;]<\/p>\n<h2>J\u00e4senmaksu m\u00e4\u00e4r\u00e4ytyy j\u00e4senen ja liittymisajankohdan mukaan.<\/h2>\n<p>[\/et_pb_text][\/et_pb_column][\/et_pb_row][et_pb_row column_structure=&#8221;1_5,1_5,1_5,1_5,1_5&#8243; _builder_version=&#8221;4.16&#8243; collapsed=&#8221;on&#8221; global_colors_info=&#8221;{}&#8221;][et_pb_column type=&#8221;1_5&#8243; _builder_version=&#8221;4.16&#8243; custom_padding=&#8221;|||&#8221; global_colors_info=&#8221;{}&#8221; custom_padding__hover=&#8221;|||&#8221;][et_pb_number_counter title=&#8221;Nuori opiskelijaj\u00e4sen \/ nuorisoj\u00e4sen&#8221; number=&#8221;10&#8243; percent_sign=&#8221;off&#8221; module_class=&#8221;euro&#8221; _builder_version=&#8221;4.16&#8243; number_font=&#8221;||||||||&#8221; number_text_color=&#8221;#7cda24&#8243; global_colors_info=&#8221;{}&#8221;][\/et_pb_number_counter][\/et_pb_column][et_pb_column type=&#8221;1_5&#8243; _builder_version=&#8221;4.16&#8243; custom_padding=&#8221;|||&#8221; global_colors_info=&#8221;{}&#8221; custom_padding__hover=&#8221;|||&#8221;][et_pb_number_counter title=&#8221;Opiskelijaj\u00e4sen&#8221; number=&#8221;20&#8243; percent_sign=&#8221;off&#8221; module_class=&#8221;euro&#8221; _builder_version=&#8221;4.16&#8243; number_font=&#8221;||||||||&#8221; number_text_color=&#8221;#7cda24&#8243; global_colors_info=&#8221;{}&#8221;][\/et_pb_number_counter][\/et_pb_column][et_pb_column type=&#8221;1_5&#8243; _builder_version=&#8221;4.16&#8243; custom_padding=&#8221;|||&#8221; global_colors_info=&#8221;{}&#8221; custom_padding__hover=&#8221;|||&#8221;][et_pb_number_counter title=&#8221;El\u00e4kel\u00e4isj\u00e4sen &#8221; number=&#8221;44&#8243; percent_sign=&#8221;off&#8221; module_class=&#8221;euro&#8221; _builder_version=&#8221;4.16&#8243; number_font=&#8221;||||||||&#8221; number_text_color=&#8221;#7cda24&#8243; width=&#8221;100%&#8221; global_colors_info=&#8221;{}&#8221;][\/et_pb_number_counter][\/et_pb_column][et_pb_column type=&#8221;1_5&#8243; _builder_version=&#8221;4.16&#8243; custom_padding=&#8221;|||&#8221; global_colors_info=&#8221;{}&#8221; custom_padding__hover=&#8221;|||&#8221;][et_pb_number_counter title=&#8221;Henkil\u00f6j\u00e4sen&#8221; number=&#8221;65&#8243; percent_sign=&#8221;off&#8221; module_class=&#8221;euro&#8221; _builder_version=&#8221;4.16&#8243; title_font=&#8221;||||||||&#8221; number_font=&#8221;||||||||&#8221; number_text_color=&#8221;#7cda24&#8243; global_colors_info=&#8221;{}&#8221;][\/et_pb_number_counter][\/et_pb_column][et_pb_column type=&#8221;1_5&#8243; _builder_version=&#8221;4.16&#8243; _module_preset=&#8221;default&#8221; global_colors_info=&#8221;{}&#8221;][et_pb_number_counter title=&#8221;Perhej\u00e4sen&#8221; number=&#8221;20&#8243; percent_sign=&#8221;off&#8221; module_class=&#8221;euro&#8221; _builder_version=&#8221;4.16&#8243; title_font=&#8221;||||||||&#8221; number_font=&#8221;||||||||&#8221; number_text_color=&#8221;#7cda24&#8243; locked=&#8221;off&#8221; global_colors_info=&#8221;{}&#8221;][\/et_pb_number_counter][\/et_pb_column][\/et_pb_row][et_pb_row _builder_version=&#8221;4.16&#8243; global_colors_info=&#8221;{}&#8221;][et_pb_column type=&#8221;4_4&#8243; _builder_version=&#8221;4.16&#8243; custom_padding=&#8221;|||&#8221; global_colors_info=&#8221;{}&#8221; custom_padding__hover=&#8221;|||&#8221;][et_pb_text _builder_version=&#8221;4.16&#8243; text_font=&#8221;||||||||&#8221; text_font_size=&#8221;20px&#8221; text_line_height=&#8221;1.9em&#8221; header_font=&#8221;||||||||&#8221; header_2_font=&#8221;Roboto|300|||||||&#8221; header_2_font_size=&#8221;50px&#8221; header_2_line_height=&#8221;1.2em&#8221; text_orientation=&#8221;center&#8221; max_width=&#8221;700px&#8221; max_width_tablet=&#8221;&#8221; max_width_phone=&#8221;&#8221; max_width_last_edited=&#8221;on|desktop&#8221; module_alignment=&#8221;center&#8221; header_2_font_size_tablet=&#8221;40px&#8221; header_2_font_size_phone=&#8221;32px&#8221; header_2_font_size_last_edited=&#8221;on|phone&#8221; global_colors_info=&#8221;{}&#8221;]<\/p>\n<h4>T\u00e4m\u00e4n lis\u00e4ksi voit lis\u00e4t\u00e4 kaikkiin j\u00e4senyyksiin (pl. perheenj\u00e4sen) haluamasi TIVIA-edun. J\u00e4senmaksuusi lis\u00e4t\u00e4\u00e4n silloin seuraava maksu:<\/h4>\n<p style=\"text-align: left;\"><b>TIVIA-etupaketti 1 | 34 \u20ac<br \/><\/b>&#8211; Tivi digitilaus | pelkk\u00e4 Tivin digitilaus opiskelijaj\u00e4senille 0 \u20ac<br \/>&#8211; IT Insider (rajaton lukuoikeus)<\/p>\n<p style=\"text-align: left;\"><b>TIVIA-etupaketti 2 | 34 \u20ac<\/b><br \/>&#8211; Mikrobitti digitilauksena<br \/>&#8211; IT Insider (rajaton lukuoikeus)<\/p>\n<p style=\"text-align: left;\"><b>TIVIA-etupaketti 3 | 59 \u20ac<br \/><\/b>&#8211; Tivi digitilauksena<br \/>&#8211; Mikrobitti digitilauksena<br \/>&#8211; IT Insider (rajaton lukuoikeus)<\/p>\n<p style=\"text-align: left;\"><b>TIVIA-etupaketti 4 | 54 \u20ac<br \/><\/b>&#8211; Tivi digitilauksena ja paperilehten\u00e4<br \/>&#8211; IT Insider (rajaton lukuoikeus)<\/p>\n<p style=\"text-align: left;\"><b>TIVIA-etupaketti 5 | 79 \u20ac<br \/><\/b>&#8211; Tivi digitilauksena ja paperilehten\u00e4<br \/>&#8211; Mikrobitti digitilauksena<br \/>&#8211; IT Insider (rajaton lukuoikeus)<\/p>\n<p style=\"text-align: left;\"><b>TIVIA-etupaketti 6 | 79 \u20ac<br \/><\/b>&#8211; Tivi digitilauksena<br \/>&#8211; Mikrobitti digitilauksena ja paperilehten\u00e4<br \/>&#8211; IT Insider (rajaton lukuoikeus)<\/p>\n<p style=\"text-align: left;\"><b>TIVIA-etupaketti 7 | 94 \u20ac<br \/><\/b>&#8211; Tivi digitilauksena ja paperilehten\u00e4<br \/>&#8211; Mikrobitti digitilauksena ja paperilehten\u00e4<br \/>&#8211; IT Insider (rajaton lukuoikeus)<\/p>\n<p>&nbsp;<\/p>\n<p>[\/et_pb_text][\/et_pb_column][\/et_pb_row][\/et_pb_section][et_pb_section fb_built=&#8221;1&#8243; admin_label=&#8221;conference&#8221; _builder_version=&#8221;4.16&#8243; background_color=&#8221;#30343f&#8221; collapsed=&#8221;off&#8221; global_colors_info=&#8221;{}&#8221;][et_pb_row _builder_version=&#8221;4.16&#8243; global_colors_info=&#8221;{}&#8221;][et_pb_column type=&#8221;4_4&#8243; _builder_version=&#8221;4.16&#8243; custom_padding=&#8221;|||&#8221; global_colors_info=&#8221;{}&#8221; custom_padding__hover=&#8221;|||&#8221;][et_pb_text _builder_version=&#8221;4.16&#8243; text_font=&#8221;||||||||&#8221; header_font=&#8221;||||||||&#8221; header_text_color=&#8221;#ffffff&#8221; global_colors_info=&#8221;{}&#8221;]<\/p>\n<h1 class=\"et_pb_contact_main_title et-fb-editable-element et-fb-editable-element__editing\" data-shortcode-id=\"2.0.0.1-1561612348668\" data-quickaccess-id=\"title\" contenteditable=\"true\">Kyll\u00e4 kiitos! Haluan liitty\u00e4 j\u00e4seneksi!<\/h1>\n<p>[\/et_pb_text][\/et_pb_column][\/et_pb_row][et_pb_row _builder_version=&#8221;4.16&#8243; custom_padding=&#8221;0px|||||&#8221; link_option_url=&#8221;https:\/\/tivia.fi\/jasenyys#liity-jaseneksi&#8221; global_colors_info=&#8221;{}&#8221;][et_pb_column type=&#8221;4_4&#8243; _builder_version=&#8221;4.16&#8243; global_colors_info=&#8221;{}&#8221;][et_pb_button button_url=&#8221;https:\/\/crm.ttlry.fi\/ttlkotisivupalvelut\/valitse_yhdistys.aspx?kaid=129612&#8243; button_text=&#8221;Liity Tiviaan&#8221; _builder_version=&#8221;4.16&#8243; custom_button=&#8221;on&#8221; button_text_size=&#8221;14px&#8221; button_text_color=&#8221;#ffffff&#8221; button_bg_color=&#8221;#7cda24&#8243; button_border_width=&#8221;10px&#8221; button_border_color=&#8221;#7cda24&#8243; button_border_radius=&#8221;100px&#8221; button_letter_spacing=&#8221;3px&#8221; button_font=&#8221;Roboto|700||on|||||&#8221; button_icon=&#8221;&#x35;||divi||400&#8243; background_layout=&#8221;dark&#8221; custom_margin=&#8221;|||||&#8221; global_colors_info=&#8221;{}&#8221;][\/et_pb_button][\/et_pb_column][\/et_pb_row][\/et_pb_section]<\/p>\n","protected":false},"excerpt":{"rendered":"<p>&nbsp; TIVIA Pohjois-Karjala ry on valtakunnallisen Tieto- ja viestint\u00e4tekniikan ammattilaiset ry:n (TIVIA) alueellinen yhdistys. Sinulla on mahdollisuus liitty\u00e4 joko paikallisj\u00e4seneksi ja\/tai \u00a0valtakunnallisen TIVIA ry:n j\u00e4seneksi.J\u00e4senedut 2025 J\u00e4senedut, kun olet\u00a0TIVIA Pohjois-Karjala ry:n j\u00e4sen.\u00a0J\u00e4senmaksu m\u00e4\u00e4r\u00e4ytyy j\u00e4senen ja liittymisajankohdan mukaan.T\u00e4m\u00e4n lis\u00e4ksi voit lis\u00e4t\u00e4 kaikkiin j\u00e4senyyksiin (pl. perheenj\u00e4sen) haluamasi TIVIA-edun. J\u00e4senmaksuusi lis\u00e4t\u00e4\u00e4n silloin seuraava maksu: TIVIA-etupaketti 1 | 34 [&hellip;]<\/p>\n","protected":false},"author":7,"featured_media":0,"parent":0,"menu_order":0,"comment_status":"closed","ping_status":"closed","template":"","meta":{"_et_pb_use_builder":"on","_et_pb_old_content":"","_et_gb_content_width":"","_monsterinsights_skip_tracking":false,"_monsterinsights_sitenote_active":false,"_monsterinsights_sitenote_note":"","_monsterinsights_sitenote_category":0,"footnotes":""},"class_list":["post-28057","page","type-page","status-publish","hentry"],"yoast_head":"<!-- This site is optimized with the Yoast SEO plugin v27.5 - https:\/\/yoast.com\/product\/yoast-seo-wordpress\/ -->\n<title>J\u00e4senyys - Pokat<\/title>\n<meta name=\"robots\" content=\"index, follow, max-snippet:-1, max-image-preview:large, max-video-preview:-1\" \/>\n<link rel=\"canonical\" href=\"https:\/\/www.pokat.fi\/index.php\/jasenyys\/\" \/>\n<meta property=\"og:locale\" content=\"fi_FI\" \/>\n<meta property=\"og:type\" content=\"article\" \/>\n<meta property=\"og:title\" content=\"J\u00e4senyys - Pokat\" \/>\n<meta property=\"og:description\" content=\"&nbsp; TIVIA Pohjois-Karjala ry on valtakunnallisen Tieto- ja viestint\u00e4tekniikan ammattilaiset ry:n (TIVIA) alueellinen yhdistys. Sinulla on mahdollisuus liitty\u00e4 joko paikallisj\u00e4seneksi ja\/tai \u00a0valtakunnallisen TIVIA ry:n j\u00e4seneksi.J\u00e4senedut 2025 J\u00e4senedut, kun olet\u00a0TIVIA Pohjois-Karjala ry:n j\u00e4sen.\u00a0J\u00e4senmaksu m\u00e4\u00e4r\u00e4ytyy j\u00e4senen ja liittymisajankohdan mukaan.T\u00e4m\u00e4n lis\u00e4ksi voit lis\u00e4t\u00e4 kaikkiin j\u00e4senyyksiin (pl. perheenj\u00e4sen) haluamasi TIVIA-edun. J\u00e4senmaksuusi lis\u00e4t\u00e4\u00e4n silloin seuraava maksu: TIVIA-etupaketti 1 | 34 [&hellip;]\" \/>\n<meta property=\"og:url\" content=\"https:\/\/www.pokat.fi\/index.php\/jasenyys\/\" \/>\n<meta property=\"og:site_name\" content=\"Pokat\" \/>\n<meta property=\"article:modified_time\" content=\"2025-01-06T19:56:49+00:00\" \/>\n<meta name=\"twitter:card\" content=\"summary_large_image\" \/>\n<meta name=\"twitter:label1\" content=\"Arvioitu lukuaika\" \/>\n\t<meta name=\"twitter:data1\" content=\"7 minuuttia\" \/>\n<script type=\"application\/ld+json\" class=\"yoast-schema-graph\">{\"@context\":\"https:\\\/\\\/schema.org\",\"@graph\":[{\"@type\":\"WebPage\",\"@id\":\"https:\\\/\\\/www.pokat.fi\\\/index.php\\\/jasenyys\\\/\",\"url\":\"https:\\\/\\\/www.pokat.fi\\\/index.php\\\/jasenyys\\\/\",\"name\":\"J\u00e4senyys - Pokat\",\"isPartOf\":{\"@id\":\"https:\\\/\\\/www.pokat.fi\\\/#website\"},\"datePublished\":\"2020-11-08T11:04:04+00:00\",\"dateModified\":\"2025-01-06T19:56:49+00:00\",\"breadcrumb\":{\"@id\":\"https:\\\/\\\/www.pokat.fi\\\/index.php\\\/jasenyys\\\/#breadcrumb\"},\"inLanguage\":\"fi\",\"potentialAction\":[{\"@type\":\"ReadAction\",\"target\":[\"https:\\\/\\\/www.pokat.fi\\\/index.php\\\/jasenyys\\\/\"]}]},{\"@type\":\"BreadcrumbList\",\"@id\":\"https:\\\/\\\/www.pokat.fi\\\/index.php\\\/jasenyys\\\/#breadcrumb\",\"itemListElement\":[{\"@type\":\"ListItem\",\"position\":1,\"name\":\"Home\",\"item\":\"https:\\\/\\\/www.pokat.fi\\\/\"},{\"@type\":\"ListItem\",\"position\":2,\"name\":\"J\u00e4senyys\"}]},{\"@type\":\"WebSite\",\"@id\":\"https:\\\/\\\/www.pokat.fi\\\/#website\",\"url\":\"https:\\\/\\\/www.pokat.fi\\\/\",\"name\":\"Pokat\",\"description\":\"TIVIA Pohjois-Karjala\",\"publisher\":{\"@id\":\"https:\\\/\\\/www.pokat.fi\\\/#organization\"},\"potentialAction\":[{\"@type\":\"SearchAction\",\"target\":{\"@type\":\"EntryPoint\",\"urlTemplate\":\"https:\\\/\\\/www.pokat.fi\\\/?s={search_term_string}\"},\"query-input\":{\"@type\":\"PropertyValueSpecification\",\"valueRequired\":true,\"valueName\":\"search_term_string\"}}],\"inLanguage\":\"fi\"},{\"@type\":\"Organization\",\"@id\":\"https:\\\/\\\/www.pokat.fi\\\/#organization\",\"name\":\"Pokat\",\"url\":\"https:\\\/\\\/www.pokat.fi\\\/\",\"logo\":{\"@type\":\"ImageObject\",\"inLanguage\":\"fi\",\"@id\":\"https:\\\/\\\/www.pokat.fi\\\/#\\\/schema\\\/logo\\\/image\\\/\",\"url\":\"https:\\\/\\\/www.pokat.fi\\\/wp-content\\\/uploads\\\/2019\\\/07\\\/cropped-pokat-uusinimi-1.jpg\",\"contentUrl\":\"https:\\\/\\\/www.pokat.fi\\\/wp-content\\\/uploads\\\/2019\\\/07\\\/cropped-pokat-uusinimi-1.jpg\",\"width\":460,\"height\":172,\"caption\":\"Pokat\"},\"image\":{\"@id\":\"https:\\\/\\\/www.pokat.fi\\\/#\\\/schema\\\/logo\\\/image\\\/\"}}]}<\/script>\n<!-- \/ Yoast SEO plugin. -->","yoast_head_json":{"title":"J\u00e4senyys - Pokat","robots":{"index":"index","follow":"follow","max-snippet":"max-snippet:-1","max-image-preview":"max-image-preview:large","max-video-preview":"max-video-preview:-1"},"canonical":"https:\/\/www.pokat.fi\/index.php\/jasenyys\/","og_locale":"fi_FI","og_type":"article","og_title":"J\u00e4senyys - Pokat","og_description":"&nbsp; TIVIA Pohjois-Karjala ry on valtakunnallisen Tieto- ja viestint\u00e4tekniikan ammattilaiset ry:n (TIVIA) alueellinen yhdistys. Sinulla on mahdollisuus liitty\u00e4 joko paikallisj\u00e4seneksi ja\/tai \u00a0valtakunnallisen TIVIA ry:n j\u00e4seneksi.J\u00e4senedut 2025 J\u00e4senedut, kun olet\u00a0TIVIA Pohjois-Karjala ry:n j\u00e4sen.\u00a0J\u00e4senmaksu m\u00e4\u00e4r\u00e4ytyy j\u00e4senen ja liittymisajankohdan mukaan.T\u00e4m\u00e4n lis\u00e4ksi voit lis\u00e4t\u00e4 kaikkiin j\u00e4senyyksiin (pl. perheenj\u00e4sen) haluamasi TIVIA-edun. J\u00e4senmaksuusi lis\u00e4t\u00e4\u00e4n silloin seuraava maksu: TIVIA-etupaketti 1 | 34 [&hellip;]","og_url":"https:\/\/www.pokat.fi\/index.php\/jasenyys\/","og_site_name":"Pokat","article_modified_time":"2025-01-06T19:56:49+00:00","twitter_card":"summary_large_image","twitter_misc":{"Arvioitu lukuaika":"7 minuuttia"},"schema":{"@context":"https:\/\/schema.org","@graph":[{"@type":"WebPage","@id":"https:\/\/www.pokat.fi\/index.php\/jasenyys\/","url":"https:\/\/www.pokat.fi\/index.php\/jasenyys\/","name":"J\u00e4senyys - Pokat","isPartOf":{"@id":"https:\/\/www.pokat.fi\/#website"},"datePublished":"2020-11-08T11:04:04+00:00","dateModified":"2025-01-06T19:56:49+00:00","breadcrumb":{"@id":"https:\/\/www.pokat.fi\/index.php\/jasenyys\/#breadcrumb"},"inLanguage":"fi","potentialAction":[{"@type":"ReadAction","target":["https:\/\/www.pokat.fi\/index.php\/jasenyys\/"]}]},{"@type":"BreadcrumbList","@id":"https:\/\/www.pokat.fi\/index.php\/jasenyys\/#breadcrumb","itemListElement":[{"@type":"ListItem","position":1,"name":"Home","item":"https:\/\/www.pokat.fi\/"},{"@type":"ListItem","position":2,"name":"J\u00e4senyys"}]},{"@type":"WebSite","@id":"https:\/\/www.pokat.fi\/#website","url":"https:\/\/www.pokat.fi\/","name":"Pokat","description":"TIVIA Pohjois-Karjala","publisher":{"@id":"https:\/\/www.pokat.fi\/#organization"},"potentialAction":[{"@type":"SearchAction","target":{"@type":"EntryPoint","urlTemplate":"https:\/\/www.pokat.fi\/?s={search_term_string}"},"query-input":{"@type":"PropertyValueSpecification","valueRequired":true,"valueName":"search_term_string"}}],"inLanguage":"fi"},{"@type":"Organization","@id":"https:\/\/www.pokat.fi\/#organization","name":"Pokat","url":"https:\/\/www.pokat.fi\/","logo":{"@type":"ImageObject","inLanguage":"fi","@id":"https:\/\/www.pokat.fi\/#\/schema\/logo\/image\/","url":"https:\/\/www.pokat.fi\/wp-content\/uploads\/2019\/07\/cropped-pokat-uusinimi-1.jpg","contentUrl":"https:\/\/www.pokat.fi\/wp-content\/uploads\/2019\/07\/cropped-pokat-uusinimi-1.jpg","width":460,"height":172,"caption":"Pokat"},"image":{"@id":"https:\/\/www.pokat.fi\/#\/schema\/logo\/image\/"}}]}},"_links":{"self":[{"href":"https:\/\/www.pokat.fi\/index.php\/wp-json\/wp\/v2\/pages\/28057","targetHints":{"allow":["GET"]}}],"collection":[{"href":"https:\/\/www.pokat.fi\/index.php\/wp-json\/wp\/v2\/pages"}],"about":[{"href":"https:\/\/www.pokat.fi\/index.php\/wp-json\/wp\/v2\/types\/page"}],"author":[{"embeddable":true,"href":"https:\/\/www.pokat.fi\/index.php\/wp-json\/wp\/v2\/users\/7"}],"replies":[{"embeddable":true,"href":"https:\/\/www.pokat.fi\/index.php\/wp-json\/wp\/v2\/comments?post=28057"}],"version-history":[{"count":25,"href":"https:\/\/www.pokat.fi\/index.php\/wp-json\/wp\/v2\/pages\/28057\/revisions"}],"predecessor-version":[{"id":29892,"href":"https:\/\/www.pokat.fi\/index.php\/wp-json\/wp\/v2\/pages\/28057\/revisions\/29892"}],"wp:attachment":[{"href":"https:\/\/www.pokat.fi\/index.php\/wp-json\/wp\/v2\/media?parent=28057"}],"curies":[{"name":"wp","href":"https:\/\/api.w.org\/{rel}","templated":true}]}}